{"id":1244,"date":"2023-02-15T12:36:40","date_gmt":"2023-02-15T12:36:40","guid":{"rendered":"https:\/\/orthopaedie-starnberg.com\/?page_id=1244"},"modified":"2023-02-15T12:40:14","modified_gmt":"2023-02-15T12:40:14","slug":"endoprotesis","status":"publish","type":"page","link":"https:\/\/orthopaedie-starnberg.com\/?page_id=1244&lang=es","title":{"rendered":"Endopr\u00f3tesis"},"content":{"rendered":"\t\t<div data-elementor-type=\"wp-page\" data-elementor-id=\"1244\" class=\"elementor elementor-1244\">\n\t\t\t\t\t\t\t\t\t<section class=\"elementor-section elementor-top-section elementor-element elementor-element-bde352b elementor-section-full_width elementor-section-height-min-height elementor-section-items-stretch elementor-section-content-middle elementor-reverse-mobile elementor-reverse-tablet elementor-section-height-default\" data-id=\"bde352b\" data-element_type=\"section\">\n\t\t\t\t\t\t<div class=\"elementor-container elementor-column-gap-no\">\n\t\t\t\t\t<div class=\"elementor-column elementor-col-50 elementor-top-column elementor-element elementor-element-0446dd3\" data-id=\"0446dd3\" data-element_type=\"column\">\n\t\t\t<div class=\"elementor-widget-wrap elementor-element-populated\">\n\t\t\t\t\t\t\t\t<div class=\"elementor-element elementor-element-e410f0d animated-fast elementor-invisible elementor-widget elementor-widget-heading\" data-id=\"e410f0d\" data-element_type=\"widget\" data-settings=\"{&quot;_animation&quot;:&quot;fadeIn&quot;}\" data-widget_type=\"heading.default\">\n\t\t\t\t<div class=\"elementor-widget-container\">\n\t\t\t<style>\/*! elementor - v3.6.7 - 03-07-2022 *\/\n.elementor-heading-title{padding:0;margin:0;line-height:1}.elementor-widget-heading .elementor-heading-title[class*=elementor-size-]>a{color:inherit;font-size:inherit;line-height:inherit}.elementor-widget-heading .elementor-heading-title.elementor-size-small{font-size:15px}.elementor-widget-heading .elementor-heading-title.elementor-size-medium{font-size:19px}.elementor-widget-heading .elementor-heading-title.elementor-size-large{font-size:29px}.elementor-widget-heading .elementor-heading-title.elementor-size-xl{font-size:39px}.elementor-widget-heading .elementor-heading-title.elementor-size-xxl{font-size:59px}<\/style><h1 class=\"elementor-heading-title elementor-size-default\">Endopr\u00f3tesis<\/h1>\t\t<\/div>\n\t\t\t\t<\/div>\n\t\t\t\t<div class=\"elementor-element elementor-element-5f21bda9 elementor-invisible elementor-widget elementor-widget-text-editor\" data-id=\"5f21bda9\" data-element_type=\"widget\" data-settings=\"{&quot;_animation&quot;:&quot;fadeIn&quot;}\" data-widget_type=\"text-editor.default\">\n\t\t\t\t<div class=\"elementor-widget-container\">\n\t\t\t<style>\/*! elementor - v3.6.7 - 03-07-2022 *\/\n.elementor-widget-text-editor.elementor-drop-cap-view-stacked .elementor-drop-cap{background-color:#818a91;color:#fff}.elementor-widget-text-editor.elementor-drop-cap-view-framed .elementor-drop-cap{color:#818a91;border:3px solid;background-color:transparent}.elementor-widget-text-editor:not(.elementor-drop-cap-view-default) .elementor-drop-cap{margin-top:8px}.elementor-widget-text-editor:not(.elementor-drop-cap-view-default) .elementor-drop-cap-letter{width:1em;height:1em}.elementor-widget-text-editor .elementor-drop-cap{float:left;text-align:center;line-height:1;font-size:50px}.elementor-widget-text-editor .elementor-drop-cap-letter{display:inline-block}<\/style>\t\t\t\t<p>La endopr\u00f3tesis de rodilla es una de nuestras principales \u00e1reas de pr\u00e1ctica. En nuestra consulta ortop\u00e9dica de Starnberg nos hemos esforzado desde el principio, en colaboraci\u00f3n con muchos colegas experimentados, entre ellos el profesor Plitz, jefe durante muchos a\u00f1os del Instituto de Biomec\u00e1nica de la Universidad Ludwig Maximilian de Munich, por mejorar los resultados de las operaciones endoprot\u00e9sicas de rodilla, que hasta la fecha siguen produciendo resultados insatisfactorios en alrededor del 15 al 20% (!) de los casos.<\/p><p>El principal problema de la sustituci\u00f3n endoprot\u00e9sica de la articulaci\u00f3n de la rodilla se debe, por un lado, a la complejidad de esta articulaci\u00f3n en comparaci\u00f3n con la articulaci\u00f3n de la cadera y, por otro, a las considerables diferencias de geometr\u00eda articular entre un individuo y otro.<\/p><p>Ambos criterios no se cumplen adecuadamente con las pr\u00f3tesis est\u00e1ndar disponibles actualmente en el mercado, que suelen tener dise\u00f1os geom\u00e9tricos sim\u00e9tricos en diferentes tama\u00f1os. Es significativo que ninguna de las endopr\u00f3tesis est\u00e1ndar sea capaz de preservar el ligamento cruzado anterior. A menudo, tambi\u00e9n debe sacrificarse el ligamento cruzado posterior. Estos pilares centrales de la articulaci\u00f3n de la rodilla estabilizan la parte superior e inferior de la pierna entre s\u00ed en todos los \u00e1ngulos de flexi\u00f3n y est\u00e1n adaptados con precisi\u00f3n a la geometr\u00eda de la superficie individual de cada articulaci\u00f3n de la rodilla. Estas estructuras s\u00f3lo pueden preservarse si estas superficies se reconstruyen con precisi\u00f3n durante el tratamiento endoprot\u00e9sico, lo que normalmente no es posible cuando se utilizan pr\u00f3tesis est\u00e1ndar. Sin embargo, la importancia de preservar estos ligamentos se desprende del hecho de que cada vez que se rompe el ligamento cruzado anterior de una articulaci\u00f3n de rodilla, siempre se realiza una reconstrucci\u00f3n quir\u00fargica de este ligamento.<\/p><p>Sin embargo, mediante el ajuste individual exacto de las pr\u00f3tesis y su implantaci\u00f3n igualmente exacta, es posible restaurar una articulaci\u00f3n de rodilla con nuevas superficies articulares portantes, un aparato ligamentoso completamente conservado y, por tanto, una estabilidad mejorada, un movimiento m\u00e1s natural y una mayor comodidad de uso.<\/p><p>(Art\u00edculo, alphaform, septiembre de 2009)<\/p><p>M\u00e1s calidad de vida gracias a la movilidad Endopr\u00f3tesis individual de rodilla mediante prototipado r\u00e1pido:<br \/>Una movilidad m\u00e1xima incluso con una pr\u00f3tesis de rodilla dif\u00edcilmente imaginable en la medicina ortop\u00e9dica actual. Desde 1993, el Dr. Luis Schuster investiga en el campo de las pr\u00f3tesis individuales y desarroll\u00f3 un m\u00e9todo con el que por primera vez se realiz\u00f3 un implante individual de rodilla con una operaci\u00f3n notablemente simplificada. El m\u00e9todo puede hacer realidad un sue\u00f1o ortop\u00e9dico largamente acariciado en medicina.<\/p>\t\t\t\t\t\t<\/div>\n\t\t\t\t<\/div>\n\t\t\t\t\t<\/div>\n\t\t<\/div>\n\t\t\t\t<div class=\"elementor-column elementor-col-50 elementor-top-column elementor-element elementor-element-30b9ad5\" data-id=\"30b9ad5\" data-element_type=\"column\" data-settings=\"{&quot;background_background&quot;:&quot;classic&quot;}\">\n\t\t\t<div class=\"elementor-widget-wrap elementor-element-populated\">\n\t\t\t\t\t\t\t\t<div class=\"elementor-element elementor-element-42060e6 elementor-widget elementor-widget-spacer\" data-id=\"42060e6\" data-element_type=\"widget\" data-widget_type=\"spacer.default\">\n\t\t\t\t<div class=\"elementor-widget-container\">\n\t\t\t<style>\/*! elementor - v3.6.7 - 03-07-2022 *\/\n.e-container.e-container--row .elementor-spacer-inner{width:var(--spacer-size)}.e-container.e-container--column .elementor-spacer-inner,.elementor-column .elementor-spacer-inner{height:var(--spacer-size)}<\/style>\t\t<div class=\"elementor-spacer\">\n\t\t\t<div class=\"elementor-spacer-inner\"><\/div>\n\t\t<\/div>\n\t\t\t\t<\/div>\n\t\t\t\t<\/div>\n\t\t\t\t\t<\/div>\n\t\t<\/div>\n\t\t\t\t\t\t\t<\/div>\n\t\t<\/section>\n\t\t\t\t<section class=\"elementor-section elementor-top-section elementor-element elementor-element-ae09942 elementor-section-full_width elementor-section-content-top elementor-section-height-default elementor-section-height-default\" data-id=\"ae09942\" data-element_type=\"section\" id=\"moreinfo\">\n\t\t\t\t\t\t<div class=\"elementor-container elementor-column-gap-no\">\n\t\t\t\t\t<div class=\"elementor-column elementor-col-50 elementor-top-column elementor-element elementor-element-3a856be1 elementor-invisible\" data-id=\"3a856be1\" data-element_type=\"column\" data-settings=\"{&quot;background_background&quot;:&quot;classic&quot;,&quot;animation&quot;:&quot;fadeIn&quot;,&quot;animation_delay&quot;:&quot;200&quot;,&quot;animation_mobile&quot;:&quot;none&quot;}\">\n\t\t\t<div class=\"elementor-widget-wrap elementor-element-populated\">\n\t\t\t\t\t\t\t\t<div class=\"elementor-element elementor-element-5292da14 elementor-widget elementor-widget-heading\" data-id=\"5292da14\" data-element_type=\"widget\" data-widget_type=\"heading.default\">\n\t\t\t\t<div class=\"elementor-widget-container\">\n\t\t\t<h3 class=\"elementor-heading-title elementor-size-default\">El problema de la \"biomec\u00e1nica\"<\/h3>\t\t<\/div>\n\t\t\t\t<\/div>\n\t\t\t\t<div class=\"elementor-element elementor-element-6bdd30dd elementor-invisible elementor-widget elementor-widget-text-editor\" data-id=\"6bdd30dd\" data-element_type=\"widget\" data-settings=\"{&quot;_animation&quot;:&quot;fadeIn&quot;}\" data-widget_type=\"text-editor.default\">\n\t\t\t\t<div class=\"elementor-widget-container\">\n\t\t\t\t\t\t\t<p>Hasta ahora, se han utilizado implantes est\u00e1ndar de forma y tama\u00f1o limitados para la cirug\u00eda de da\u00f1os en la articulaci\u00f3n de la rodilla. En este caso, el cirujano realiza intervenciones masivas en la zona articular del paciente, ya que los huesos de \u00e9ste deben adaptarse al implante est\u00e1ndar.<br \/><br \/>Al hacerlo, el m\u00e9dico tratante puede tener poco en cuenta la biomec\u00e1nica individual del paciente. Como resultado, el paciente s\u00f3lo se siente moderadamente c\u00f3modo llevando la pr\u00f3tesis despu\u00e9s de la operaci\u00f3n; alrededor del 15-20% de los pacientes se quejan de problemas. No es posible restablecer la movilidad general. Esto podr\u00eda ser pronto cosa del pasado.<\/p>\t\t\t\t\t\t<\/div>\n\t\t\t\t<\/div>\n\t\t\t\t<div class=\"elementor-element elementor-element-2bba87a elementor-widget elementor-widget-heading\" data-id=\"2bba87a\" data-element_type=\"widget\" data-widget_type=\"heading.default\">\n\t\t\t\t<div class=\"elementor-widget-container\">\n\t\t\t<h3 class=\"elementor-heading-title elementor-size-default\">Implantaci\u00f3n individual con procesos probados<\/h3>\t\t<\/div>\n\t\t\t\t<\/div>\n\t\t\t\t<div class=\"elementor-element elementor-element-7a9856eb elementor-invisible elementor-widget elementor-widget-text-editor\" data-id=\"7a9856eb\" data-element_type=\"widget\" data-settings=\"{&quot;_animation&quot;:&quot;fadeIn&quot;}\" data-widget_type=\"text-editor.default\">\n\t\t\t\t<div class=\"elementor-widget-container\">\n\t\t\t\t\t\t\t<p>Tras muchos a\u00f1os de trabajo de desarrollo, hemos podido cumplir todos los requisitos de un implante individual sobre la base de procesos estandarizados y certificados desde el punto de vista m\u00e9dico-ortop\u00e9dico. Los componentes individuales del f\u00e9mur y la tibia (implantes de la parte superior e inferior de la pierna) se fabrican en colada por inversi\u00f3n a partir de cromo-cobalto o titanio, materiales que tambi\u00e9n se han utilizado para implantes est\u00e1ndar en ortopedia durante muchos a\u00f1os. El tratamiento superficial tanto de los implantes met\u00e1licos como de los componentes pl\u00e1sticos de PE se realiza en un centro de fresado CNC de alta tecnolog\u00eda. La contraparte del implante, la plantilla quir\u00fargica individual, se fabrica a partir de los datos 3D mediante un proceso de sinterizaci\u00f3n por l\u00e1ser de poliamida.<br \/><br \/>De este modo, se pudieron realizar todos los procesos de fabricaci\u00f3n cr\u00edticos para el implante y los instrumentos quir\u00fargicos. La velocidad de realizaci\u00f3n de un implante individual es un factor cr\u00edtico de \u00e9xito. Entretanto, los conocimientos t\u00e9cnicos de aplicaci\u00f3n adecuados y las diversas tecnolog\u00edas de proceso permitieron cumplir este requisito de forma ideal.<br \/><br \/>Dado que nuestro proceso tiene en cuenta la biomec\u00e1nica individual del paciente y que ambos ligamentos cruzados se preservan durante la operaci\u00f3n, el resultado es una comodidad excelente que restablece en gran medida la movilidad completa del paciente. Dado que el tiempo de operaci\u00f3n tambi\u00e9n se reduce a menos de la mitad del tiempo habitual, el riesgo de la operaci\u00f3n tambi\u00e9n se reduce significativamente&#8216; Un procedimiento revolucionario que puede convertirse en la norma en el futuro.<\/p>\t\t\t\t\t\t<\/div>\n\t\t\t\t<\/div>\n\t\t\t\t<div class=\"elementor-element elementor-element-ba56d72 elementor-widget elementor-widget-heading\" data-id=\"ba56d72\" data-element_type=\"widget\" data-widget_type=\"heading.default\">\n\t\t\t\t<div class=\"elementor-widget-container\">\n\t\t\t<h3 class=\"elementor-heading-title elementor-size-default\">Tambi\u00e9n adecuado para la sustituci\u00f3n parcial de articulaciones endoprot\u00e9sicas<\/h3>\t\t<\/div>\n\t\t\t\t<\/div>\n\t\t\t\t<div class=\"elementor-element elementor-element-8109f0f elementor-invisible elementor-widget elementor-widget-text-editor\" data-id=\"8109f0f\" data-element_type=\"widget\" data-settings=\"{&quot;_animation&quot;:&quot;fadeIn&quot;}\" data-widget_type=\"text-editor.default\">\n\t\t\t\t<div class=\"elementor-widget-container\">\n\t\t\t\t\t\t\tEn el futuro, esta tecnolog\u00eda tambi\u00e9n permitir\u00e1 adaptar e insertar individualmente endopr\u00f3tesis parciales, por ejemplo las denominadas hemiplacas, mediante la t\u00e9cnica de implantaci\u00f3n de plantillas optimizadas.<br><br>Gracias a la adopci\u00f3n de los datos b\u00e1sicos para la fabricaci\u00f3n de plantillas quir\u00fargicas individuales, tambi\u00e9n ser\u00e1 posible realizar operaciones de cambio y retracci\u00f3n con pr\u00f3tesis individuales o est\u00e1ndar de otros fabricantes de forma m\u00e1s sencilla, fiable y en mucho menos tiempo que el tiempo de operaci\u00f3n habitual.\t\t\t\t\t\t<\/div>\n\t\t\t\t<\/div>\n\t\t\t\t\t<\/div>\n\t\t<\/div>\n\t\t\t\t<div class=\"elementor-column elementor-col-50 elementor-top-column elementor-element elementor-element-3c36a60 elementor-invisible\" data-id=\"3c36a60\" data-element_type=\"column\" data-settings=\"{&quot;background_background&quot;:&quot;classic&quot;,&quot;animation&quot;:&quot;fadeIn&quot;,&quot;animation_mobile&quot;:&quot;none&quot;}\">\n\t\t\t<div class=\"elementor-widget-wrap\">\n\t\t\t\t\t\t\t\t\t<\/div>\n\t\t<\/div>\n\t\t\t\t\t\t\t<\/div>\n\t\t<\/section>\n\t\t\t\t\t\t\t<\/div>\n\t\t","protected":false},"excerpt":{"rendered":"<p>Endopr\u00f3tesis La endopr\u00f3tesis de rodilla es una de nuestras principales \u00e1reas de pr\u00e1ctica. En nuestra consulta ortop\u00e9dica de Starnberg nos hemos esforzado desde el principio, en colaboraci\u00f3n con muchos colegas experimentados, entre ellos el profesor Plitz, jefe durante muchos a\u00f1os del Instituto de Biomec\u00e1nica de la Universidad Ludwig Maximilian de Munich, por mejorar los resultados [&hellip;]<\/p>\n","protected":false},"author":4,"featured_media":0,"parent":0,"menu_order":0,"comment_status":"closed","ping_status":"closed","template":"","meta":{"footnotes":""},"class_list":["post-1244","page","type-page","status-publish","hentry"],"yoast_head":"<!-- This site is optimized with the Yoast SEO plugin v19.3 - https:\/\/yoast.com\/wordpress\/plugins\/seo\/ -->\n<title>Endopr\u00f3tesis - Dr. med. Luis Schuster<\/title>\n<meta name=\"robots\" content=\"index, follow, max-snippet:-1, max-image-preview:large, max-video-preview:-1\" \/>\n<link rel=\"canonical\" href=\"https:\/\/orthopaedie-starnberg.com\/?page_id=1244&lang=es\" \/>\n<meta property=\"og:locale\" content=\"de_DE\" \/>\n<meta property=\"og:type\" content=\"article\" \/>\n<meta property=\"og:title\" content=\"Endopr\u00f3tesis - Dr. med. Luis Schuster\" \/>\n<meta property=\"og:description\" content=\"Endopr\u00f3tesis La endopr\u00f3tesis de rodilla es una de nuestras principales \u00e1reas de pr\u00e1ctica. En nuestra consulta ortop\u00e9dica de Starnberg nos hemos esforzado desde el principio, en colaboraci\u00f3n con muchos colegas experimentados, entre ellos el profesor Plitz, jefe durante muchos a\u00f1os del Instituto de Biomec\u00e1nica de la Universidad Ludwig Maximilian de Munich, por mejorar los resultados [&hellip;]\" \/>\n<meta property=\"og:url\" content=\"https:\/\/orthopaedie-starnberg.com\/?page_id=1244&amp;lang=es\" \/>\n<meta property=\"og:site_name\" content=\"Dr. med. Luis Schuster\" \/>\n<meta property=\"article:modified_time\" content=\"2023-02-15T12:40:14+00:00\" \/>\n<meta name=\"twitter:card\" content=\"summary_large_image\" \/>\n<meta name=\"twitter:label1\" content=\"Gesch\u00e4tzte Lesezeit\" \/>\n\t<meta name=\"twitter:data1\" content=\"5\u00a0Minuten\" \/>\n<script type=\"application\/ld+json\" class=\"yoast-schema-graph\">{\"@context\":\"https:\/\/schema.org\",\"@graph\":[{\"@type\":\"Organization\",\"@id\":\"https:\/\/orthopaedie-starnberg.com\/#organization\",\"name\":\"Orthopaedie Starnberg\",\"url\":\"https:\/\/orthopaedie-starnberg.com\/\",\"sameAs\":[],\"logo\":{\"@type\":\"ImageObject\",\"inLanguage\":\"de\",\"@id\":\"https:\/\/orthopaedie-starnberg.com\/#\/schema\/logo\/image\/\",\"url\":\"https:\/\/orthopaedie-starnberg.com\/wp-content\/uploads\/2022\/04\/dr.schuster-orthopaedie-logo-1.png\",\"contentUrl\":\"https:\/\/orthopaedie-starnberg.com\/wp-content\/uploads\/2022\/04\/dr.schuster-orthopaedie-logo-1.png\",\"width\":1776,\"height\":125,\"caption\":\"Orthopaedie Starnberg\"},\"image\":{\"@id\":\"https:\/\/orthopaedie-starnberg.com\/#\/schema\/logo\/image\/\"}},{\"@type\":\"WebSite\",\"@id\":\"https:\/\/orthopaedie-starnberg.com\/#website\",\"url\":\"https:\/\/orthopaedie-starnberg.com\/\",\"name\":\"Dr. med. Luis Schuster\",\"description\":\"Orthopaedie Starnberg\",\"publisher\":{\"@id\":\"https:\/\/orthopaedie-starnberg.com\/#organization\"},\"potentialAction\":[{\"@type\":\"SearchAction\",\"target\":{\"@type\":\"EntryPoint\",\"urlTemplate\":\"https:\/\/orthopaedie-starnberg.com\/?s={search_term_string}\"},\"query-input\":\"required name=search_term_string\"}],\"inLanguage\":\"de\"},{\"@type\":\"WebPage\",\"@id\":\"https:\/\/orthopaedie-starnberg.com\/?page_id=1244&lang=es\",\"url\":\"https:\/\/orthopaedie-starnberg.com\/?page_id=1244&lang=es\",\"name\":\"Endopr\u00f3tesis - Dr. med. Luis Schuster\",\"isPartOf\":{\"@id\":\"https:\/\/orthopaedie-starnberg.com\/#website\"},\"datePublished\":\"2023-02-15T12:36:40+00:00\",\"dateModified\":\"2023-02-15T12:40:14+00:00\",\"breadcrumb\":{\"@id\":\"https:\/\/orthopaedie-starnberg.com\/?page_id=1244&lang=es#breadcrumb\"},\"inLanguage\":\"de\",\"potentialAction\":[{\"@type\":\"ReadAction\",\"target\":[\"https:\/\/orthopaedie-starnberg.com\/?page_id=1244&lang=es\"]}]},{\"@type\":\"BreadcrumbList\",\"@id\":\"https:\/\/orthopaedie-starnberg.com\/?page_id=1244&lang=es#breadcrumb\",\"itemListElement\":[{\"@type\":\"ListItem\",\"position\":1,\"name\":\"Startseite\",\"item\":\"https:\/\/orthopaedie-starnberg.com\/\"},{\"@type\":\"ListItem\",\"position\":2,\"name\":\"Endopr\u00f3tesis\"}]}]}<\/script>\n<!-- \/ Yoast SEO plugin. -->","yoast_head_json":{"title":"Endopr\u00f3tesis - Dr. med. Luis Schuster","robots":{"index":"index","follow":"follow","max-snippet":"max-snippet:-1","max-image-preview":"max-image-preview:large","max-video-preview":"max-video-preview:-1"},"canonical":"https:\/\/orthopaedie-starnberg.com\/?page_id=1244&lang=es","og_locale":"de_DE","og_type":"article","og_title":"Endopr\u00f3tesis - Dr. med. Luis Schuster","og_description":"Endopr\u00f3tesis La endopr\u00f3tesis de rodilla es una de nuestras principales \u00e1reas de pr\u00e1ctica. En nuestra consulta ortop\u00e9dica de Starnberg nos hemos esforzado desde el principio, en colaboraci\u00f3n con muchos colegas experimentados, entre ellos el profesor Plitz, jefe durante muchos a\u00f1os del Instituto de Biomec\u00e1nica de la Universidad Ludwig Maximilian de Munich, por mejorar los resultados [&hellip;]","og_url":"https:\/\/orthopaedie-starnberg.com\/?page_id=1244&lang=es","og_site_name":"Dr. med. Luis Schuster","article_modified_time":"2023-02-15T12:40:14+00:00","twitter_card":"summary_large_image","twitter_misc":{"Gesch\u00e4tzte Lesezeit":"5\u00a0Minuten"},"schema":{"@context":"https:\/\/schema.org","@graph":[{"@type":"Organization","@id":"https:\/\/orthopaedie-starnberg.com\/#organization","name":"Orthopaedie Starnberg","url":"https:\/\/orthopaedie-starnberg.com\/","sameAs":[],"logo":{"@type":"ImageObject","inLanguage":"de","@id":"https:\/\/orthopaedie-starnberg.com\/#\/schema\/logo\/image\/","url":"https:\/\/orthopaedie-starnberg.com\/wp-content\/uploads\/2022\/04\/dr.schuster-orthopaedie-logo-1.png","contentUrl":"https:\/\/orthopaedie-starnberg.com\/wp-content\/uploads\/2022\/04\/dr.schuster-orthopaedie-logo-1.png","width":1776,"height":125,"caption":"Orthopaedie Starnberg"},"image":{"@id":"https:\/\/orthopaedie-starnberg.com\/#\/schema\/logo\/image\/"}},{"@type":"WebSite","@id":"https:\/\/orthopaedie-starnberg.com\/#website","url":"https:\/\/orthopaedie-starnberg.com\/","name":"Dr. med. Luis Schuster","description":"Orthopaedie Starnberg","publisher":{"@id":"https:\/\/orthopaedie-starnberg.com\/#organization"},"potentialAction":[{"@type":"SearchAction","target":{"@type":"EntryPoint","urlTemplate":"https:\/\/orthopaedie-starnberg.com\/?s={search_term_string}"},"query-input":"required name=search_term_string"}],"inLanguage":"de"},{"@type":"WebPage","@id":"https:\/\/orthopaedie-starnberg.com\/?page_id=1244&lang=es","url":"https:\/\/orthopaedie-starnberg.com\/?page_id=1244&lang=es","name":"Endopr\u00f3tesis - Dr. med. Luis Schuster","isPartOf":{"@id":"https:\/\/orthopaedie-starnberg.com\/#website"},"datePublished":"2023-02-15T12:36:40+00:00","dateModified":"2023-02-15T12:40:14+00:00","breadcrumb":{"@id":"https:\/\/orthopaedie-starnberg.com\/?page_id=1244&lang=es#breadcrumb"},"inLanguage":"de","potentialAction":[{"@type":"ReadAction","target":["https:\/\/orthopaedie-starnberg.com\/?page_id=1244&lang=es"]}]},{"@type":"BreadcrumbList","@id":"https:\/\/orthopaedie-starnberg.com\/?page_id=1244&lang=es#breadcrumb","itemListElement":[{"@type":"ListItem","position":1,"name":"Startseite","item":"https:\/\/orthopaedie-starnberg.com\/"},{"@type":"ListItem","position":2,"name":"Endopr\u00f3tesis"}]}]}},"_links":{"self":[{"href":"https:\/\/orthopaedie-starnberg.com\/index.php?rest_route=\/wp\/v2\/pages\/1244","targetHints":{"allow":["GET"]}}],"collection":[{"href":"https:\/\/orthopaedie-starnberg.com\/index.php?rest_route=\/wp\/v2\/pages"}],"about":[{"href":"https:\/\/orthopaedie-starnberg.com\/index.php?rest_route=\/wp\/v2\/types\/page"}],"author":[{"embeddable":true,"href":"https:\/\/orthopaedie-starnberg.com\/index.php?rest_route=\/wp\/v2\/users\/4"}],"replies":[{"embeddable":true,"href":"https:\/\/orthopaedie-starnberg.com\/index.php?rest_route=%2Fwp%2Fv2%2Fcomments&post=1244"}],"version-history":[{"count":4,"href":"https:\/\/orthopaedie-starnberg.com\/index.php?rest_route=\/wp\/v2\/pages\/1244\/revisions"}],"predecessor-version":[{"id":1249,"href":"https:\/\/orthopaedie-starnberg.com\/index.php?rest_route=\/wp\/v2\/pages\/1244\/revisions\/1249"}],"wp:attachment":[{"href":"https:\/\/orthopaedie-starnberg.com\/index.php?rest_route=%2Fwp%2Fv2%2Fmedia&parent=1244"}],"curies":[{"name":"wp","href":"https:\/\/api.w.org\/{rel}","templated":true}]}}