{"id":1257,"date":"2023-02-15T13:10:10","date_gmt":"2023-02-15T13:10:10","guid":{"rendered":"https:\/\/orthopaedie-starnberg.com\/?page_id=1257"},"modified":"2023-02-15T13:16:49","modified_gmt":"2023-02-15T13:16:49","slug":"impresionante","status":"publish","type":"page","link":"https:\/\/orthopaedie-starnberg.com\/?page_id=1257&lang=es","title":{"rendered":"Impresionante"},"content":{"rendered":"\t\t<div data-elementor-type=\"wp-page\" data-elementor-id=\"1257\" class=\"elementor elementor-1257\">\n\t\t\t\t\t\t\t\t\t<section class=\"elementor-section elementor-top-section elementor-element elementor-element-5bb110a elementor-section-full_width elementor-section-height-min-height elementor-section-items-stretch elementor-section-content-middle elementor-reverse-mobile elementor-reverse-tablet elementor-section-height-default\" data-id=\"5bb110a\" data-element_type=\"section\">\n\t\t\t\t\t\t<div class=\"elementor-container elementor-column-gap-no\">\n\t\t\t\t\t<div class=\"elementor-column elementor-col-50 elementor-top-column elementor-element elementor-element-8250f2e\" data-id=\"8250f2e\" data-element_type=\"column\">\n\t\t\t<div class=\"elementor-widget-wrap elementor-element-populated\">\n\t\t\t\t\t\t\t\t<div class=\"elementor-element elementor-element-d898715 animated-fast elementor-invisible elementor-widget elementor-widget-heading\" data-id=\"d898715\" data-element_type=\"widget\" data-settings=\"{&quot;_animation&quot;:&quot;fadeIn&quot;}\" data-widget_type=\"heading.default\">\n\t\t\t\t<div class=\"elementor-widget-container\">\n\t\t\t<style>\/*! elementor - v3.6.7 - 03-07-2022 *\/\n.elementor-heading-title{padding:0;margin:0;line-height:1}.elementor-widget-heading .elementor-heading-title[class*=elementor-size-]>a{color:inherit;font-size:inherit;line-height:inherit}.elementor-widget-heading .elementor-heading-title.elementor-size-small{font-size:15px}.elementor-widget-heading .elementor-heading-title.elementor-size-medium{font-size:19px}.elementor-widget-heading .elementor-heading-title.elementor-size-large{font-size:29px}.elementor-widget-heading .elementor-heading-title.elementor-size-xl{font-size:39px}.elementor-widget-heading .elementor-heading-title.elementor-size-xxl{font-size:59px}<\/style><h1 class=\"elementor-heading-title elementor-size-default\">Impresionante<\/h1>\t\t<\/div>\n\t\t\t\t<\/div>\n\t\t\t\t<div class=\"elementor-element elementor-element-8be2f7f elementor-widget elementor-widget-heading\" data-id=\"8be2f7f\" data-element_type=\"widget\" data-widget_type=\"heading.default\">\n\t\t\t\t<div class=\"elementor-widget-container\">\n\t\t\t<h3 class=\"elementor-heading-title elementor-size-default\">Informaci\u00f3n obligatoria con arreglo al art\u00edculo 5 de la Telemediengesetz (Alemania):<\/h3>\t\t<\/div>\n\t\t\t\t<\/div>\n\t\t\t\t<div class=\"elementor-element elementor-element-6aab8e8 elementor-invisible elementor-widget elementor-widget-text-editor\" data-id=\"6aab8e8\" data-element_type=\"widget\" data-settings=\"{&quot;_animation&quot;:&quot;fadeIn&quot;}\" data-widget_type=\"text-editor.default\">\n\t\t\t\t<div class=\"elementor-widget-container\">\n\t\t\t<style>\/*! elementor - v3.6.7 - 03-07-2022 *\/\n.elementor-widget-text-editor.elementor-drop-cap-view-stacked .elementor-drop-cap{background-color:#818a91;color:#fff}.elementor-widget-text-editor.elementor-drop-cap-view-framed .elementor-drop-cap{color:#818a91;border:3px solid;background-color:transparent}.elementor-widget-text-editor:not(.elementor-drop-cap-view-default) .elementor-drop-cap{margin-top:8px}.elementor-widget-text-editor:not(.elementor-drop-cap-view-default) .elementor-drop-cap-letter{width:1em;height:1em}.elementor-widget-text-editor .elementor-drop-cap{float:left;text-align:center;line-height:1;font-size:50px}.elementor-widget-text-editor .elementor-drop-cap-letter{display:inline-block}<\/style>\t\t\t\t<p>Dr. med. Luis Schuster<br \/>Gentianstr. 4<br \/>D-82319 Starnberg\/Distrito de Percha-Nord<br \/>Tel\u00e9fono: +49 (0) 8151 65 16 067<br \/>Fax: +49 (0) 8151 65 16 068<br \/>Correo electr\u00f3nico: info@orthopaedie-starnberg.com<br \/>Internet: https:\/\/orthopaedie-starnberg.com<\/p>\t\t\t\t\t\t<\/div>\n\t\t\t\t<\/div>\n\t\t\t\t<div class=\"elementor-element elementor-element-12c56fd elementor-widget elementor-widget-heading\" data-id=\"12c56fd\" data-element_type=\"widget\" data-widget_type=\"heading.default\">\n\t\t\t\t<div class=\"elementor-widget-container\">\n\t\t\t<h3 class=\"elementor-heading-title elementor-size-default\">Asociaci\u00f3n m\u00e9dica competente:<\/h3>\t\t<\/div>\n\t\t\t\t<\/div>\n\t\t\t\t<div class=\"elementor-element elementor-element-6b674f6 elementor-invisible elementor-widget elementor-widget-text-editor\" data-id=\"6b674f6\" data-element_type=\"widget\" data-settings=\"{&quot;_animation&quot;:&quot;fadeIn&quot;}\" data-widget_type=\"text-editor.default\">\n\t\t\t\t<div class=\"elementor-widget-container\">\n\t\t\t\t\t\t\t<p>Colegio de M\u00e9dicos de Baviera (BL\u00c4K)<br \/>Corporaci\u00f3n de derecho p\u00fablico<br \/>M\u00fchlbaurstra\u00dfe 16<br \/>81677 M\u00fanich<\/p>\t\t\t\t\t\t<\/div>\n\t\t\t\t<\/div>\n\t\t\t\t<div class=\"elementor-element elementor-element-59b0588 elementor-widget elementor-widget-heading\" data-id=\"59b0588\" data-element_type=\"widget\" data-widget_type=\"heading.default\">\n\t\t\t\t<div class=\"elementor-widget-container\">\n\t\t\t<h3 class=\"elementor-heading-title elementor-size-default\">T\u00edtulo del puesto:<\/h3>\t\t<\/div>\n\t\t\t\t<\/div>\n\t\t\t\t<div class=\"elementor-element elementor-element-85f1605 elementor-invisible elementor-widget elementor-widget-text-editor\" data-id=\"85f1605\" data-element_type=\"widget\" data-settings=\"{&quot;_animation&quot;:&quot;fadeIn&quot;}\" data-widget_type=\"text-editor.default\">\n\t\t\t\t<div class=\"elementor-widget-container\">\n\t\t\t\t\t\t\t<p>M\u00e9dico ortopedista<\/p>\t\t\t\t\t\t<\/div>\n\t\t\t\t<\/div>\n\t\t\t\t<div class=\"elementor-element elementor-element-e8f7f64 elementor-widget elementor-widget-heading\" data-id=\"e8f7f64\" data-element_type=\"widget\" data-widget_type=\"heading.default\">\n\t\t\t\t<div class=\"elementor-widget-container\">\n\t\t\t<h3 class=\"elementor-heading-title elementor-size-default\">Reglamentos profesionales:<\/h3>\t\t<\/div>\n\t\t\t\t<\/div>\n\t\t\t\t<div class=\"elementor-element elementor-element-19d551b elementor-invisible elementor-widget elementor-widget-text-editor\" data-id=\"19d551b\" data-element_type=\"widget\" data-settings=\"{&quot;_animation&quot;:&quot;fadeIn&quot;}\" data-widget_type=\"text-editor.default\">\n\t\t\t\t<div class=\"elementor-widget-container\">\n\t\t\t\t\t\t\t<p>C\u00f3digo de conducta profesional de los m\u00e9dicos en Baviera<br \/>Normativa de autorizaci\u00f3n para m\u00e9dicos<br \/>Ley de la C\u00e1mara de M\u00e9dicos de Baviera<br \/>Colegio de M\u00e9dicos de Baviera: Leyes, Ordenanzas<br \/>http:\/\/www.blaek.de\/<\/p>\t\t\t\t\t\t<\/div>\n\t\t\t\t<\/div>\n\t\t\t\t<div class=\"elementor-element elementor-element-a33e2df elementor-widget elementor-widget-heading\" data-id=\"a33e2df\" data-element_type=\"widget\" data-widget_type=\"heading.default\">\n\t\t\t\t<div class=\"elementor-widget-container\">\n\t\t\t<h3 class=\"elementor-heading-title elementor-size-default\">N\u00famero de identificaci\u00f3n fiscal seg\u00fan \u00a7 27a UStG (Alemania): DE197145006<\/h3>\t\t<\/div>\n\t\t\t\t<\/div>\n\t\t\t\t<div class=\"elementor-element elementor-element-eb61b2e elementor-invisible elementor-widget elementor-widget-text-editor\" data-id=\"eb61b2e\" data-element_type=\"widget\" data-settings=\"{&quot;_animation&quot;:&quot;fadeIn&quot;}\" data-widget_type=\"text-editor.default\">\n\t\t\t\t<div class=\"elementor-widget-container\">\n\t\t\t\t\t\t\t<p>Responsable del contenido seg\u00fan 55 p\u00e1rrafo 2 RStV (Alemania): Luis Schuster, MD<\/p>\t\t\t\t\t\t<\/div>\n\t\t\t\t<\/div>\n\t\t\t\t<div class=\"elementor-element elementor-element-19e916c elementor-widget elementor-widget-heading\" data-id=\"19e916c\" data-element_type=\"widget\" data-widget_type=\"heading.default\">\n\t\t\t\t<div class=\"elementor-widget-container\">\n\t\t\t<h3 class=\"elementor-heading-title elementor-size-default\">Descargo de responsabilidad:<\/h3>\t\t<\/div>\n\t\t\t\t<\/div>\n\t\t\t\t<div class=\"elementor-element elementor-element-2c43fdd elementor-invisible elementor-widget elementor-widget-text-editor\" data-id=\"2c43fdd\" data-element_type=\"widget\" data-settings=\"{&quot;_animation&quot;:&quot;fadeIn&quot;}\" data-widget_type=\"text-editor.default\">\n\t\t\t\t<div class=\"elementor-widget-container\">\n\t\t\t\t\t\t\tA pesar del cuidadoso control del contenido, no asumimos ninguna responsabilidad por el contenido de los enlaces externos. Los operadores de las p\u00e1ginas enlazadas son los \u00fanicos responsables de su contenido.\t\t\t\t\t\t<\/div>\n\t\t\t\t<\/div>\n\t\t\t\t\t<\/div>\n\t\t<\/div>\n\t\t\t\t<div class=\"elementor-column elementor-col-50 elementor-top-column elementor-element elementor-element-a94a136 elementor-hidden-mobile\" data-id=\"a94a136\" data-element_type=\"column\" data-settings=\"{&quot;background_background&quot;:&quot;classic&quot;}\">\n\t\t\t<div class=\"elementor-widget-wrap elementor-element-populated\">\n\t\t\t\t\t\t\t\t<div class=\"elementor-element elementor-element-0537bc9 elementor-widget elementor-widget-spacer\" data-id=\"0537bc9\" data-element_type=\"widget\" data-widget_type=\"spacer.default\">\n\t\t\t\t<div class=\"elementor-widget-container\">\n\t\t\t<style>\/*! elementor - v3.6.7 - 03-07-2022 *\/\n.e-container.e-container--row .elementor-spacer-inner{width:var(--spacer-size)}.e-container.e-container--column .elementor-spacer-inner,.elementor-column .elementor-spacer-inner{height:var(--spacer-size)}<\/style>\t\t<div class=\"elementor-spacer\">\n\t\t\t<div class=\"elementor-spacer-inner\"><\/div>\n\t\t<\/div>\n\t\t\t\t<\/div>\n\t\t\t\t<\/div>\n\t\t\t\t\t<\/div>\n\t\t<\/div>\n\t\t\t\t\t\t\t<\/div>\n\t\t<\/section>\n\t\t\t\t\t\t\t<\/div>\n\t\t","protected":false},"excerpt":{"rendered":"<p>Impresionante Informaci\u00f3n obligatoria con arreglo al art\u00edculo 5 de la Telemediengesetz (Alemania): Dr. med. Luis SchusterGentianstr. 4D-82319 Starnberg\/Distrito de Percha-NordTel\u00e9fono: +49 (0) 8151 65 16 067Fax: +49 (0) 8151 65 16 068Correo electr\u00f3nico: info@orthopaedie-starnberg.comInternet: https:\/\/orthopaedie-starnberg.com Asociaci\u00f3n m\u00e9dica competente: Colegio de M\u00e9dicos de Baviera (BL\u00c4K)Corporaci\u00f3n de derecho p\u00fablicoM\u00fchlbaurstra\u00dfe 1681677 M\u00fanich T\u00edtulo del puesto: M\u00e9dico ortopedista Reglamentos [&hellip;]<\/p>\n","protected":false},"author":4,"featured_media":0,"parent":0,"menu_order":0,"comment_status":"closed","ping_status":"closed","template":"","meta":{"footnotes":""},"class_list":["post-1257","page","type-page","status-publish","hentry"],"yoast_head":"<!-- This site is optimized with the Yoast SEO plugin v19.3 - https:\/\/yoast.com\/wordpress\/plugins\/seo\/ -->\n<title>Impresionante - Dr. med. Luis Schuster<\/title>\n<meta name=\"robots\" content=\"noindex, follow\" \/>\n<meta property=\"og:locale\" content=\"de_DE\" \/>\n<meta property=\"og:type\" content=\"article\" \/>\n<meta property=\"og:title\" content=\"Impresionante - Dr. med. Luis Schuster\" \/>\n<meta property=\"og:description\" content=\"Impresionante Informaci\u00f3n obligatoria con arreglo al art\u00edculo 5 de la Telemediengesetz (Alemania): Dr. med. Luis SchusterGentianstr. 4D-82319 Starnberg\/Distrito de Percha-NordTel\u00e9fono: +49 (0) 8151 65 16 067Fax: +49 (0) 8151 65 16 068Correo electr\u00f3nico: info@orthopaedie-starnberg.comInternet: https:\/\/orthopaedie-starnberg.com Asociaci\u00f3n m\u00e9dica competente: Colegio de M\u00e9dicos de Baviera (BL\u00c4K)Corporaci\u00f3n de derecho p\u00fablicoM\u00fchlbaurstra\u00dfe 1681677 M\u00fanich T\u00edtulo del puesto: M\u00e9dico ortopedista Reglamentos [&hellip;]\" \/>\n<meta property=\"og:url\" content=\"https:\/\/orthopaedie-starnberg.com\/?page_id=1257&amp;lang=es\" \/>\n<meta property=\"og:site_name\" content=\"Dr. med. Luis Schuster\" \/>\n<meta property=\"article:modified_time\" content=\"2023-02-15T13:16:49+00:00\" \/>\n<meta name=\"twitter:card\" content=\"summary_large_image\" \/>\n<meta name=\"twitter:label1\" content=\"Gesch\u00e4tzte Lesezeit\" \/>\n\t<meta name=\"twitter:data1\" content=\"1\u00a0Minute\" \/>\n<script type=\"application\/ld+json\" class=\"yoast-schema-graph\">{\"@context\":\"https:\/\/schema.org\",\"@graph\":[{\"@type\":\"Organization\",\"@id\":\"https:\/\/orthopaedie-starnberg.com\/#organization\",\"name\":\"Orthopaedie Starnberg\",\"url\":\"https:\/\/orthopaedie-starnberg.com\/\",\"sameAs\":[],\"logo\":{\"@type\":\"ImageObject\",\"inLanguage\":\"de\",\"@id\":\"https:\/\/orthopaedie-starnberg.com\/#\/schema\/logo\/image\/\",\"url\":\"https:\/\/orthopaedie-starnberg.com\/wp-content\/uploads\/2022\/04\/dr.schuster-orthopaedie-logo-1.png\",\"contentUrl\":\"https:\/\/orthopaedie-starnberg.com\/wp-content\/uploads\/2022\/04\/dr.schuster-orthopaedie-logo-1.png\",\"width\":1776,\"height\":125,\"caption\":\"Orthopaedie Starnberg\"},\"image\":{\"@id\":\"https:\/\/orthopaedie-starnberg.com\/#\/schema\/logo\/image\/\"}},{\"@type\":\"WebSite\",\"@id\":\"https:\/\/orthopaedie-starnberg.com\/#website\",\"url\":\"https:\/\/orthopaedie-starnberg.com\/\",\"name\":\"Dr. med. Luis Schuster\",\"description\":\"Orthopaedie Starnberg\",\"publisher\":{\"@id\":\"https:\/\/orthopaedie-starnberg.com\/#organization\"},\"potentialAction\":[{\"@type\":\"SearchAction\",\"target\":{\"@type\":\"EntryPoint\",\"urlTemplate\":\"https:\/\/orthopaedie-starnberg.com\/?s={search_term_string}\"},\"query-input\":\"required name=search_term_string\"}],\"inLanguage\":\"de\"},{\"@type\":\"WebPage\",\"@id\":\"https:\/\/orthopaedie-starnberg.com\/?page_id=1257&lang=es\",\"url\":\"https:\/\/orthopaedie-starnberg.com\/?page_id=1257&lang=es\",\"name\":\"Impresionante - Dr. med. Luis Schuster\",\"isPartOf\":{\"@id\":\"https:\/\/orthopaedie-starnberg.com\/#website\"},\"datePublished\":\"2023-02-15T13:10:10+00:00\",\"dateModified\":\"2023-02-15T13:16:49+00:00\",\"breadcrumb\":{\"@id\":\"https:\/\/orthopaedie-starnberg.com\/?page_id=1257&lang=es#breadcrumb\"},\"inLanguage\":\"de\",\"potentialAction\":[{\"@type\":\"ReadAction\",\"target\":[\"https:\/\/orthopaedie-starnberg.com\/?page_id=1257&lang=es\"]}]},{\"@type\":\"BreadcrumbList\",\"@id\":\"https:\/\/orthopaedie-starnberg.com\/?page_id=1257&lang=es#breadcrumb\",\"itemListElement\":[{\"@type\":\"ListItem\",\"position\":1,\"name\":\"Startseite\",\"item\":\"https:\/\/orthopaedie-starnberg.com\/\"},{\"@type\":\"ListItem\",\"position\":2,\"name\":\"Impresionante\"}]}]}<\/script>\n<!-- \/ Yoast SEO plugin. -->","yoast_head_json":{"title":"Impresionante - Dr. med. Luis Schuster","robots":{"index":"noindex","follow":"follow"},"og_locale":"de_DE","og_type":"article","og_title":"Impresionante - Dr. med. Luis Schuster","og_description":"Impresionante Informaci\u00f3n obligatoria con arreglo al art\u00edculo 5 de la Telemediengesetz (Alemania): Dr. med. Luis SchusterGentianstr. 4D-82319 Starnberg\/Distrito de Percha-NordTel\u00e9fono: +49 (0) 8151 65 16 067Fax: +49 (0) 8151 65 16 068Correo electr\u00f3nico: info@orthopaedie-starnberg.comInternet: https:\/\/orthopaedie-starnberg.com Asociaci\u00f3n m\u00e9dica competente: Colegio de M\u00e9dicos de Baviera (BL\u00c4K)Corporaci\u00f3n de derecho p\u00fablicoM\u00fchlbaurstra\u00dfe 1681677 M\u00fanich T\u00edtulo del puesto: M\u00e9dico ortopedista Reglamentos [&hellip;]","og_url":"https:\/\/orthopaedie-starnberg.com\/?page_id=1257&lang=es","og_site_name":"Dr. med. Luis Schuster","article_modified_time":"2023-02-15T13:16:49+00:00","twitter_card":"summary_large_image","twitter_misc":{"Gesch\u00e4tzte Lesezeit":"1\u00a0Minute"},"schema":{"@context":"https:\/\/schema.org","@graph":[{"@type":"Organization","@id":"https:\/\/orthopaedie-starnberg.com\/#organization","name":"Orthopaedie Starnberg","url":"https:\/\/orthopaedie-starnberg.com\/","sameAs":[],"logo":{"@type":"ImageObject","inLanguage":"de","@id":"https:\/\/orthopaedie-starnberg.com\/#\/schema\/logo\/image\/","url":"https:\/\/orthopaedie-starnberg.com\/wp-content\/uploads\/2022\/04\/dr.schuster-orthopaedie-logo-1.png","contentUrl":"https:\/\/orthopaedie-starnberg.com\/wp-content\/uploads\/2022\/04\/dr.schuster-orthopaedie-logo-1.png","width":1776,"height":125,"caption":"Orthopaedie Starnberg"},"image":{"@id":"https:\/\/orthopaedie-starnberg.com\/#\/schema\/logo\/image\/"}},{"@type":"WebSite","@id":"https:\/\/orthopaedie-starnberg.com\/#website","url":"https:\/\/orthopaedie-starnberg.com\/","name":"Dr. med. Luis Schuster","description":"Orthopaedie Starnberg","publisher":{"@id":"https:\/\/orthopaedie-starnberg.com\/#organization"},"potentialAction":[{"@type":"SearchAction","target":{"@type":"EntryPoint","urlTemplate":"https:\/\/orthopaedie-starnberg.com\/?s={search_term_string}"},"query-input":"required name=search_term_string"}],"inLanguage":"de"},{"@type":"WebPage","@id":"https:\/\/orthopaedie-starnberg.com\/?page_id=1257&lang=es","url":"https:\/\/orthopaedie-starnberg.com\/?page_id=1257&lang=es","name":"Impresionante - Dr. med. Luis Schuster","isPartOf":{"@id":"https:\/\/orthopaedie-starnberg.com\/#website"},"datePublished":"2023-02-15T13:10:10+00:00","dateModified":"2023-02-15T13:16:49+00:00","breadcrumb":{"@id":"https:\/\/orthopaedie-starnberg.com\/?page_id=1257&lang=es#breadcrumb"},"inLanguage":"de","potentialAction":[{"@type":"ReadAction","target":["https:\/\/orthopaedie-starnberg.com\/?page_id=1257&lang=es"]}]},{"@type":"BreadcrumbList","@id":"https:\/\/orthopaedie-starnberg.com\/?page_id=1257&lang=es#breadcrumb","itemListElement":[{"@type":"ListItem","position":1,"name":"Startseite","item":"https:\/\/orthopaedie-starnberg.com\/"},{"@type":"ListItem","position":2,"name":"Impresionante"}]}]}},"_links":{"self":[{"href":"https:\/\/orthopaedie-starnberg.com\/index.php?rest_route=\/wp\/v2\/pages\/1257","targetHints":{"allow":["GET"]}}],"collection":[{"href":"https:\/\/orthopaedie-starnberg.com\/index.php?rest_route=\/wp\/v2\/pages"}],"about":[{"href":"https:\/\/orthopaedie-starnberg.com\/index.php?rest_route=\/wp\/v2\/types\/page"}],"author":[{"embeddable":true,"href":"https:\/\/orthopaedie-starnberg.com\/index.php?rest_route=\/wp\/v2\/users\/4"}],"replies":[{"embeddable":true,"href":"https:\/\/orthopaedie-starnberg.com\/index.php?rest_route=%2Fwp%2Fv2%2Fcomments&post=1257"}],"version-history":[{"count":4,"href":"https:\/\/orthopaedie-starnberg.com\/index.php?rest_route=\/wp\/v2\/pages\/1257\/revisions"}],"predecessor-version":[{"id":1261,"href":"https:\/\/orthopaedie-starnberg.com\/index.php?rest_route=\/wp\/v2\/pages\/1257\/revisions\/1261"}],"wp:attachment":[{"href":"https:\/\/orthopaedie-starnberg.com\/index.php?rest_route=%2Fwp%2Fv2%2Fmedia&parent=1257"}],"curies":[{"name":"wp","href":"https:\/\/api.w.org\/{rel}","templated":true}]}}