{"id":1270,"date":"2023-02-15T13:43:58","date_gmt":"2023-02-15T13:43:58","guid":{"rendered":"https:\/\/orthopaedie-starnberg.com\/?page_id=1270"},"modified":"2023-05-20T12:46:11","modified_gmt":"2023-05-20T12:46:11","slug":"servicios","status":"publish","type":"page","link":"https:\/\/orthopaedie-starnberg.com\/?page_id=1270&lang=es","title":{"rendered":"Servicios"},"content":{"rendered":"\t\t<div data-elementor-type=\"wp-page\" data-elementor-id=\"1270\" class=\"elementor elementor-1270\">\n\t\t\t\t\t\t\t\t\t<section class=\"elementor-section elementor-top-section elementor-element elementor-element-7c88b07 elementor-section-boxed elementor-section-height-default elementor-section-height-default\" data-id=\"7c88b07\" data-element_type=\"section\">\n\t\t\t\t\t\t<div class=\"elementor-container elementor-column-gap-default\">\n\t\t\t\t\t<div class=\"elementor-column elementor-col-100 elementor-top-column elementor-element elementor-element-bb267da\" data-id=\"bb267da\" data-element_type=\"column\">\n\t\t\t<div class=\"elementor-widget-wrap elementor-element-populated\">\n\t\t\t\t\t\t\t\t<div class=\"elementor-element elementor-element-775d87e elementor-widget elementor-widget-heading\" data-id=\"775d87e\" data-element_type=\"widget\" data-widget_type=\"heading.default\">\n\t\t\t\t<div class=\"elementor-widget-container\">\n\t\t\t<style>\/*! elementor - v3.6.7 - 03-07-2022 *\/\n.elementor-heading-title{padding:0;margin:0;line-height:1}.elementor-widget-heading .elementor-heading-title[class*=elementor-size-]>a{color:inherit;font-size:inherit;line-height:inherit}.elementor-widget-heading .elementor-heading-title.elementor-size-small{font-size:15px}.elementor-widget-heading .elementor-heading-title.elementor-size-medium{font-size:19px}.elementor-widget-heading .elementor-heading-title.elementor-size-large{font-size:29px}.elementor-widget-heading .elementor-heading-title.elementor-size-xl{font-size:39px}.elementor-widget-heading .elementor-heading-title.elementor-size-xxl{font-size:59px}<\/style><h2 class=\"elementor-heading-title elementor-size-default\">Un vistazo a nuestros servicios:<\/h2>\t\t<\/div>\n\t\t\t\t<\/div>\n\t\t\t\t\t<\/div>\n\t\t<\/div>\n\t\t\t\t\t\t\t<\/div>\n\t\t<\/section>\n\t\t\t\t<section class=\"elementor-section elementor-top-section elementor-element elementor-element-6982966 elementor-section-boxed elementor-section-height-default elementor-section-height-default\" data-id=\"6982966\" data-element_type=\"section\">\n\t\t\t\t\t\t<div class=\"elementor-container elementor-column-gap-default\">\n\t\t\t\t\t<div class=\"elementor-column elementor-col-100 elementor-top-column elementor-element elementor-element-e450366\" data-id=\"e450366\" data-element_type=\"column\">\n\t\t\t<div class=\"elementor-widget-wrap elementor-element-populated\">\n\t\t\t\t\t\t\t\t<div class=\"elementor-element elementor-element-ce0c3ee elementor--h-position-center elementor--v-position-middle elementor-arrows-position-inside elementor-pagination-position-inside elementor-widget elementor-widget-slides\" data-id=\"ce0c3ee\" data-element_type=\"widget\" data-settings=\"{&quot;navigation&quot;:&quot;both&quot;,&quot;autoplay&quot;:&quot;yes&quot;,&quot;pause_on_hover&quot;:&quot;yes&quot;,&quot;pause_on_interaction&quot;:&quot;yes&quot;,&quot;autoplay_speed&quot;:5000,&quot;infinite&quot;:&quot;yes&quot;,&quot;transition&quot;:&quot;slide&quot;,&quot;transition_speed&quot;:500}\" data-widget_type=\"slides.default\">\n\t\t\t\t<div class=\"elementor-widget-container\">\n\t\t\t<style>.elementor-slides .swiper-slide-bg{background-size:cover;background-position:50%;background-repeat:no-repeat;min-width:100%;min-height:100%}.elementor-slides .swiper-slide-inner{background-repeat:no-repeat;background-position:50%;position:absolute;top:0;left:0;bottom:0;right:0;padding:50px;margin:auto}.elementor-slides .swiper-slide-inner,.elementor-slides .swiper-slide-inner:hover{color:#fff;display:-webkit-box;display:-ms-flexbox;display:flex}.elementor-slides .swiper-slide-inner .elementor-background-overlay{position:absolute;z-index:0;top:0;bottom:0;left:0;right:0}.elementor-slides .swiper-slide-inner .elementor-slide-content{position:relative;z-index:1;width:100%}.elementor-slides .swiper-slide-inner .elementor-slide-heading{font-size:35px;font-weight:700;line-height:1}.elementor-slides .swiper-slide-inner .elementor-slide-description{font-size:17px;line-height:1.4}.elementor-slides .swiper-slide-inner .elementor-slide-description:not(:last-child),.elementor-slides .swiper-slide-inner .elementor-slide-heading:not(:last-child){margin-bottom:30px}.elementor-slides .swiper-slide-inner .elementor-slide-button{border:2px solid #fff;color:#fff;background:transparent;display:inline-block}.elementor-slides .swiper-slide-inner .elementor-slide-button,.elementor-slides .swiper-slide-inner .elementor-slide-button:hover{background:transparent;color:inherit;text-decoration:none}.elementor--v-position-top .swiper-slide-inner{-webkit-box-align:start;-ms-flex-align:start;align-items:flex-start}.elementor--v-position-bottom .swiper-slide-inner{-webkit-box-align:end;-ms-flex-align:end;align-items:flex-end}.elementor--v-position-middle .swiper-slide-inner{-webkit-box-align:center;-ms-flex-align:center;align-items:center}.elementor--h-position-left .swiper-slide-inner{-webkit-box-pack:start;-ms-flex-pack:start;justify-content:flex-start}.elementor--h-position-right .swiper-slide-inner{-webkit-box-pack:end;-ms-flex-pack:end;justify-content:flex-end}.elementor--h-position-center .swiper-slide-inner{-webkit-box-pack:center;-ms-flex-pack:center;justify-content:center}body.rtl .elementor-widget-slides .elementor-swiper-button-next{left:10px;right:auto}body.rtl .elementor-widget-slides .elementor-swiper-button-prev{right:10px;left:auto}.elementor-slides-wrapper div:not(.swiper-slide)>.swiper-slide-inner{display:none}@media (max-width:767px){.elementor-slides .swiper-slide-inner{padding:30px}.elementor-slides .swiper-slide-inner .elementor-slide-heading{font-size:23px;line-height:1;margin-bottom:15px}.elementor-slides .swiper-slide-inner .elementor-slide-description{font-size:13px;line-height:1.4;margin-bottom:15px}}<\/style>\t\t<div class=\"elementor-swiper\">\n\t\t\t<div class=\"elementor-slides-wrapper elementor-main-swiper swiper-container\" dir=\"ltr\" data-animation=\"\">\n\t\t\t\t<div class=\"swiper-wrapper elementor-slides\">\n\t\t\t\t\t\t\t\t\t\t<div class=\"elementor-repeater-item-229aa09 swiper-slide\"><div class=\"swiper-slide-bg\"><\/div><div class=\"swiper-slide-inner\" ><div class=\"swiper-slide-contents\"><div class=\"elementor-slide-heading\">Acupuntura<\/div><div class=\"elementor-slide-description\">La acupuntura es una parte esencial del tratamiento ortop\u00e9dico hol\u00edstico y se ha convertido en una terapia est\u00e1ndar en m\u00e1s del 50% de las consultas ortop\u00e9dicas de Alemania. Tambi\u00e9n forma parte de nuestra filosof\u00eda.<\/div><a href=\"https:\/\/orthopaedie-starnberg.com\/es\/acupuntura\/\" class=\"elementor-button elementor-slide-button elementor-size-lg\">M\u00e1s informaci\u00f3n<\/a><\/div><\/div><\/div><div class=\"elementor-repeater-item-e02044d swiper-slide\"><div class=\"swiper-slide-bg\"><\/div><div class=\"swiper-slide-inner\" ><div class=\"swiper-slide-contents\"><div class=\"elementor-slide-heading\">Conocimientos especializados en servicios de rescate<\/div><div class=\"elementor-slide-description\">Adem\u00e1s de la atenci\u00f3n de urgencias por accidentes y lesiones privados y laborales, tambi\u00e9n se realizan visitas urgentes a domicilio.<\/div><a href=\"https:\/\/orthopaedie-starnberg.com\/es\/conocimientos-especializados-en-servicios-de-rescate\/\" class=\"elementor-button elementor-slide-button elementor-size-lg\">M\u00e1s informaci\u00f3n<\/a><\/div><\/div><\/div><div class=\"elementor-repeater-item-34646cf swiper-slide\"><div class=\"swiper-slide-bg\"><\/div><div class=\"swiper-slide-inner\" ><div class=\"swiper-slide-contents\"><div class=\"elementor-slide-heading\">Diagn\u00f3stico por rayos X<\/div><div class=\"elementor-slide-description\">El diagn\u00f3stico por rayos X sigue siendo un pilar diagn\u00f3stico central en la ortopedia.<\/div><a href=\"https:\/\/orthopaedie-starnberg.com\/es\/diagnostico-por-rayos-x\/\" class=\"elementor-button elementor-slide-button elementor-size-lg\">M\u00e1s informaci\u00f3n<\/a><\/div><\/div><\/div><div class=\"elementor-repeater-item-f377e2d swiper-slide\"><div class=\"swiper-slide-bg\"><\/div><div class=\"swiper-slide-inner\" ><div class=\"swiper-slide-contents\"><div class=\"elementor-slide-heading\">Ecograf\u00eda\/ultrasonido del sistema musculoesquel\u00e9tico<\/div><div class=\"elementor-slide-description\">Los ex\u00e1menes ecogr\u00e1ficos se utilizan principalmente en el tratamiento de lesiones deportivas, pero tambi\u00e9n pueden sustituir a menudo a los ex\u00e1menes radiogr\u00e1ficos, especialmente en los ex\u00e1menes de ni\u00f1os.<\/div><a href=\"https:\/\/orthopaedie-starnberg.com\/es\/ecografia-ultrasonido-del-sistema-musculoesqueletico\/\" class=\"elementor-button elementor-slide-button elementor-size-lg\">M\u00e1s informaci\u00f3n<\/a><\/div><\/div><\/div><div class=\"elementor-repeater-item-430ffed swiper-slide\"><div class=\"swiper-slide-bg\"><\/div><div class=\"swiper-slide-inner\" ><div class=\"swiper-slide-contents\"><div class=\"elementor-slide-heading\">Endopr\u00f3tesis individuales de rodilla<\/div><div class=\"elementor-slide-description\">Mientras que la colocaci\u00f3n de articulaciones artificiales de cadera suele dar excelentes resultados y los pacientes a menudo pueden retomar sus actividades deportivas como el tenis, el esqu\u00ed, el baile, etc., la pr\u00f3tesis de rodilla sigue planteando hoy en d\u00eda un problema considerable, ya que la movilidad y la resistencia recuperadas est\u00e1n claramente por detr\u00e1s de las de la articulaci\u00f3n artificial de cadera.<\/div><a href=\"https:\/\/orthopaedie-starnberg.com\/es\/endoprotesis-individuales-de-rodilla\/\" class=\"elementor-button elementor-slide-button elementor-size-lg\">M\u00e1s informaci\u00f3n<\/a><\/div><\/div><\/div><div class=\"elementor-repeater-item-f986db0 swiper-slide\"><div class=\"swiper-slide-bg\"><\/div><div class=\"swiper-slide-inner\" ><div class=\"swiper-slide-contents\"><div class=\"elementor-slide-heading\">Medicina deportiva<\/div><div class=\"elementor-slide-description\">Las actividades deportivas son de gran importancia para recuperar o mantener la salud.<\/div><a href=\"https:\/\/orthopaedie-starnberg.com\/es\/medicina-deportiva\/\" class=\"elementor-button elementor-slide-button elementor-size-lg\">M\u00e1s informaci\u00f3n<\/a><\/div><\/div><\/div><div class=\"elementor-repeater-item-18c49ff swiper-slide\"><div class=\"swiper-slide-bg\"><\/div><div class=\"swiper-slide-inner\" ><div class=\"swiper-slide-contents\"><div class=\"elementor-slide-heading\">Medicina ortomolecular<\/div><div class=\"elementor-slide-description\">Mediante la administraci\u00f3n selectiva de determinadas sustancias, los llamados complementos alimenticios, vitaminas, enzimas, coenzimas o tambi\u00e9n otros sustratos org\u00e1nicos o inorg\u00e1nicos definidos en su forma pura o molecular, se pueden corregir y optimizar situaciones metab\u00f3licas alteradas.<\/div><a href=\"https:\/\/orthopaedie-starnberg.com\/es\/medicina-ortomolecular\/\" class=\"elementor-button elementor-slide-button elementor-size-lg\">M\u00e1s informaci\u00f3n<\/a><\/div><\/div><\/div><div class=\"elementor-repeater-item-9bb9274 swiper-slide\"><div class=\"swiper-slide-bg\"><\/div><div class=\"swiper-slide-inner\" ><div class=\"swiper-slide-contents\"><div class=\"elementor-slide-heading\">Medicina pericial<\/div><div class=\"elementor-slide-description\">Los aspectos sociom\u00e9dicos tambi\u00e9n suelen ser de gran importancia en la atenci\u00f3n m\u00e9dica y ortop\u00e9dica de los pacientes.<\/div><a href=\"https:\/\/orthopaedie-starnberg.com\/es\/begutachtungsmedizin-2\/\" class=\"elementor-button elementor-slide-button elementor-size-lg\">M\u00e1s informaci\u00f3n<\/a><\/div><\/div><\/div><div class=\"elementor-repeater-item-8e264ad swiper-slide\"><div class=\"swiper-slide-bg\"><\/div><div class=\"swiper-slide-inner\" ><div class=\"swiper-slide-contents\"><div class=\"elementor-slide-heading\">M\u00e9dico de accidentes<\/div><div class=\"elementor-slide-description\">El Dr. Schuster est\u00e1 autorizado por las asociaciones patronales de seguros de responsabilidad civil para tratar y evaluar accidentes de trabajo, accidentes escolares, enfermedades profesionales, accidentes de trayecto y enfermedades profesionales en el marco del seguro de accidentes.<\/div><a href=\"https:\/\/orthopaedie-starnberg.com\/es\/medico-de-accidentes\/\" class=\"elementor-button elementor-slide-button elementor-size-lg\">M\u00e1s informaci\u00f3n<\/a><\/div><\/div><\/div><div class=\"elementor-repeater-item-9243ca2 swiper-slide\"><div class=\"swiper-slide-bg\"><\/div><div class=\"swiper-slide-inner\" ><div class=\"swiper-slide-contents\"><div class=\"elementor-slide-heading\">M\u00e9dico generalista<\/div><div class=\"elementor-slide-description\">Ambulatorio: Isarklinik, Pettenkofferklinik, Sendlingertorplatz, centro de M\u00fanich.<\/div><a href=\"https:\/\/orthopaedie-starnberg.com\/es\/medico-generalista\/\" class=\"elementor-button elementor-slide-button elementor-size-lg\">M\u00e1s informaci\u00f3n<\/a><\/div><\/div><\/div><div class=\"elementor-repeater-item-5b3a359 swiper-slide\"><div class=\"swiper-slide-bg\"><\/div><div class=\"swiper-slide-inner\" ><div class=\"swiper-slide-contents\"><div class=\"elementor-slide-heading\">Operaciones ambulatorias, operaciones artrosc\u00f3picas<\/div><div class=\"elementor-slide-description\">Las intervenciones quir\u00fargicas de menor envergadura, por ejemplo en el contexto del tratamiento de la artrosis, pueden realizarse con arreglo a las normas de calidad m\u00e1s exigentes en instalaciones autorizadas para ello sin hospitalizaci\u00f3n.<\/div><a href=\"https:\/\/orthopaedie-starnberg.com\/es\/operaciones-ambulatorias-operaciones-artroscopicas\/\" class=\"elementor-button elementor-slide-button elementor-size-lg\">M\u00e1s informaci\u00f3n<\/a><\/div><\/div><\/div><div class=\"elementor-repeater-item-b924631 swiper-slide\"><div class=\"swiper-slide-bg\"><\/div><div class=\"swiper-slide-inner\" ><div class=\"swiper-slide-contents\"><div class=\"elementor-slide-heading\">Ortopedia conservadora hol\u00edstica<\/div><div class=\"elementor-slide-description\">Con el compromiso de la ortopedia hol\u00edstica, se tienen en cuenta las m\u00faltiples interacciones entre enfermedades concretas del sistema musculoesquel\u00e9tico humano y otros trastornos de las funciones org\u00e1nicas y mentales del cuerpo humano.<\/div><a href=\"https:\/\/orthopaedie-starnberg.com\/es\/ortopedia-conservadora-holistica\/\" class=\"elementor-button elementor-slide-button elementor-size-lg\">M\u00e1s informaci\u00f3n<\/a><\/div><\/div><\/div><div class=\"elementor-repeater-item-0bfa98b swiper-slide\"><div class=\"swiper-slide-bg\"><\/div><div class=\"swiper-slide-inner\" ><div class=\"swiper-slide-contents\"><div class=\"elementor-slide-heading\">Terapia regenerativa de la artrosis<\/div><div class=\"elementor-slide-description\">La principal forma de movimiento humano es caminar. Un an\u00e1lisis de la marcha puede identificar a menudo la causa de los s\u00edntomas de sobrecarga no s\u00f3lo en la zona de las extremidades inferiores, sino tambi\u00e9n en la zona de la columna vertebral.<\/div><a href=\"https:\/\/orthopaedie-starnberg.com\/es\/terapia-holistica-de-la-artrosis\/\" class=\"elementor-button elementor-slide-button elementor-size-lg\">M\u00e1s informaci\u00f3n<\/a><\/div><\/div><\/div><div class=\"elementor-repeater-item-ca329d5 swiper-slide\"><div class=\"swiper-slide-bg\"><\/div><div class=\"swiper-slide-inner\" ><div class=\"swiper-slide-contents\"><div class=\"elementor-slide-heading\">Terapia quiropr\u00e1ctica<\/div><div class=\"elementor-slide-description\">Mediante manipulaciones quiroterap\u00e9uticas se pueden liberar bloqueos de articulaciones y conexiones vertebrales e iniciar y apoyar procesos regenerativos o reparadores.<\/div><a href=\"https:\/\/orthopaedie-starnberg.com\/es\/terapia-quiropractica\/\" class=\"elementor-button elementor-slide-button elementor-size-lg\">M\u00e1s informaci\u00f3n<\/a><\/div><\/div><\/div><div class=\"elementor-repeater-item-06469c0 swiper-slide\"><div class=\"swiper-slide-bg\"><\/div><div class=\"swiper-slide-inner\" ><div class=\"swiper-slide-contents\"><div class=\"elementor-slide-heading\">Tratamiento con ondas de choque<\/div><div class=\"elementor-slide-description\">El tratamiento con ondas de choque puede producir una r\u00e1pida mejor\u00eda de la tendinitis cr\u00f3nica del codo, el tal\u00f3n, el hombro, pero tambi\u00e9n de la articulaci\u00f3n de la cadera y la rodilla.<\/div><a href=\"https:\/\/orthopaedie-starnberg.com\/es\/tratamiento-con-ondas-de-choque\/\" class=\"elementor-button elementor-slide-button elementor-size-lg\">M\u00e1s informaci\u00f3n<\/a><\/div><\/div><\/div>\t\t\t\t<\/div>\n\t\t\t\t\t\t\t\t\t\t\t\t\t\t\t<div class=\"swiper-pagination\"><\/div>\n\t\t\t\t\t\t\t\t\t\t\t\t\t\t\t\t<div class=\"elementor-swiper-button elementor-swiper-button-prev\">\n\t\t\t\t\t\t\t<i aria-hidden=\"true\" class=\"eicon-chevron-left\"><\/i>\t\t\t\t\t\t\t<span class=\"elementor-screen-only\">Voriger<\/span>\n\t\t\t\t\t\t<\/div>\n\t\t\t\t\t\t<div class=\"elementor-swiper-button elementor-swiper-button-next\">\n\t\t\t\t\t\t\t<i aria-hidden=\"true\" class=\"eicon-chevron-right\"><\/i>\t\t\t\t\t\t\t<span class=\"elementor-screen-only\">N\u00e4chster<\/span>\n\t\t\t\t\t\t<\/div>\n\t\t\t\t\t\t\t\t\t\t\t\t<\/div>\n\t\t<\/div>\n\t\t\t\t<\/div>\n\t\t\t\t<\/div>\n\t\t\t\t\t<\/div>\n\t\t<\/div>\n\t\t\t\t\t\t\t<\/div>\n\t\t<\/section>\n\t\t\t\t\t\t\t<\/div>\n\t\t","protected":false},"excerpt":{"rendered":"<p>Un vistazo a nuestros servicios: AcupunturaLa acupuntura es una parte esencial del tratamiento ortop\u00e9dico hol\u00edstico y se ha convertido en una terapia est\u00e1ndar en m\u00e1s del 50% de las consultas ortop\u00e9dicas de Alemania. Tambi\u00e9n forma parte de nuestra filosof\u00eda.M\u00e1s informaci\u00f3nConocimientos especializados en servicios de rescateAdem\u00e1s de la atenci\u00f3n de urgencias por accidentes y lesiones privados [&hellip;]<\/p>\n","protected":false},"author":4,"featured_media":0,"parent":0,"menu_order":0,"comment_status":"closed","ping_status":"closed","template":"","meta":{"footnotes":""},"class_list":["post-1270","page","type-page","status-publish","hentry"],"yoast_head":"<!-- This site is optimized with the Yoast SEO plugin v19.3 - https:\/\/yoast.com\/wordpress\/plugins\/seo\/ -->\n<title>Servicios - Dr. med. Luis Schuster<\/title>\n<meta name=\"robots\" content=\"index, follow, max-snippet:-1, max-image-preview:large, max-video-preview:-1\" \/>\n<link rel=\"canonical\" href=\"https:\/\/orthopaedie-starnberg.com\/?page_id=1270&lang=es\" \/>\n<meta property=\"og:locale\" content=\"de_DE\" \/>\n<meta property=\"og:type\" content=\"article\" \/>\n<meta property=\"og:title\" content=\"Servicios - Dr. med. Luis Schuster\" \/>\n<meta property=\"og:description\" content=\"Un vistazo a nuestros servicios: AcupunturaLa acupuntura es una parte esencial del tratamiento ortop\u00e9dico hol\u00edstico y se ha convertido en una terapia est\u00e1ndar en m\u00e1s del 50% de las consultas ortop\u00e9dicas de Alemania. Tambi\u00e9n forma parte de nuestra filosof\u00eda.M\u00e1s informaci\u00f3nConocimientos especializados en servicios de rescateAdem\u00e1s de la atenci\u00f3n de urgencias por accidentes y lesiones privados [&hellip;]\" \/>\n<meta property=\"og:url\" content=\"https:\/\/orthopaedie-starnberg.com\/?page_id=1270&amp;lang=es\" \/>\n<meta property=\"og:site_name\" content=\"Dr. med. Luis Schuster\" \/>\n<meta property=\"article:modified_time\" content=\"2023-05-20T12:46:11+00:00\" \/>\n<meta name=\"twitter:card\" content=\"summary_large_image\" \/>\n<meta name=\"twitter:label1\" content=\"Gesch\u00e4tzte Lesezeit\" \/>\n\t<meta name=\"twitter:data1\" content=\"9\u00a0Minuten\" \/>\n<script type=\"application\/ld+json\" class=\"yoast-schema-graph\">{\"@context\":\"https:\/\/schema.org\",\"@graph\":[{\"@type\":\"Organization\",\"@id\":\"https:\/\/orthopaedie-starnberg.com\/#organization\",\"name\":\"Orthopaedie Starnberg\",\"url\":\"https:\/\/orthopaedie-starnberg.com\/\",\"sameAs\":[],\"logo\":{\"@type\":\"ImageObject\",\"inLanguage\":\"de\",\"@id\":\"https:\/\/orthopaedie-starnberg.com\/#\/schema\/logo\/image\/\",\"url\":\"https:\/\/orthopaedie-starnberg.com\/wp-content\/uploads\/2022\/04\/dr.schuster-orthopaedie-logo-1.png\",\"contentUrl\":\"https:\/\/orthopaedie-starnberg.com\/wp-content\/uploads\/2022\/04\/dr.schuster-orthopaedie-logo-1.png\",\"width\":1776,\"height\":125,\"caption\":\"Orthopaedie Starnberg\"},\"image\":{\"@id\":\"https:\/\/orthopaedie-starnberg.com\/#\/schema\/logo\/image\/\"}},{\"@type\":\"WebSite\",\"@id\":\"https:\/\/orthopaedie-starnberg.com\/#website\",\"url\":\"https:\/\/orthopaedie-starnberg.com\/\",\"name\":\"Dr. med. Luis Schuster\",\"description\":\"Orthopaedie Starnberg\",\"publisher\":{\"@id\":\"https:\/\/orthopaedie-starnberg.com\/#organization\"},\"potentialAction\":[{\"@type\":\"SearchAction\",\"target\":{\"@type\":\"EntryPoint\",\"urlTemplate\":\"https:\/\/orthopaedie-starnberg.com\/?s={search_term_string}\"},\"query-input\":\"required name=search_term_string\"}],\"inLanguage\":\"de\"},{\"@type\":\"WebPage\",\"@id\":\"https:\/\/orthopaedie-starnberg.com\/?page_id=1270&lang=es\",\"url\":\"https:\/\/orthopaedie-starnberg.com\/?page_id=1270&lang=es\",\"name\":\"Servicios - Dr. med. Luis Schuster\",\"isPartOf\":{\"@id\":\"https:\/\/orthopaedie-starnberg.com\/#website\"},\"datePublished\":\"2023-02-15T13:43:58+00:00\",\"dateModified\":\"2023-05-20T12:46:11+00:00\",\"breadcrumb\":{\"@id\":\"https:\/\/orthopaedie-starnberg.com\/?page_id=1270&lang=es#breadcrumb\"},\"inLanguage\":\"de\",\"potentialAction\":[{\"@type\":\"ReadAction\",\"target\":[\"https:\/\/orthopaedie-starnberg.com\/?page_id=1270&lang=es\"]}]},{\"@type\":\"BreadcrumbList\",\"@id\":\"https:\/\/orthopaedie-starnberg.com\/?page_id=1270&lang=es#breadcrumb\",\"itemListElement\":[{\"@type\":\"ListItem\",\"position\":1,\"name\":\"Startseite\",\"item\":\"https:\/\/orthopaedie-starnberg.com\/\"},{\"@type\":\"ListItem\",\"position\":2,\"name\":\"Servicios\"}]}]}<\/script>\n<!-- \/ Yoast SEO plugin. -->","yoast_head_json":{"title":"Servicios - Dr. med. Luis Schuster","robots":{"index":"index","follow":"follow","max-snippet":"max-snippet:-1","max-image-preview":"max-image-preview:large","max-video-preview":"max-video-preview:-1"},"canonical":"https:\/\/orthopaedie-starnberg.com\/?page_id=1270&lang=es","og_locale":"de_DE","og_type":"article","og_title":"Servicios - Dr. med. Luis Schuster","og_description":"Un vistazo a nuestros servicios: AcupunturaLa acupuntura es una parte esencial del tratamiento ortop\u00e9dico hol\u00edstico y se ha convertido en una terapia est\u00e1ndar en m\u00e1s del 50% de las consultas ortop\u00e9dicas de Alemania. Tambi\u00e9n forma parte de nuestra filosof\u00eda.M\u00e1s informaci\u00f3nConocimientos especializados en servicios de rescateAdem\u00e1s de la atenci\u00f3n de urgencias por accidentes y lesiones privados [&hellip;]","og_url":"https:\/\/orthopaedie-starnberg.com\/?page_id=1270&lang=es","og_site_name":"Dr. med. Luis Schuster","article_modified_time":"2023-05-20T12:46:11+00:00","twitter_card":"summary_large_image","twitter_misc":{"Gesch\u00e4tzte Lesezeit":"9\u00a0Minuten"},"schema":{"@context":"https:\/\/schema.org","@graph":[{"@type":"Organization","@id":"https:\/\/orthopaedie-starnberg.com\/#organization","name":"Orthopaedie Starnberg","url":"https:\/\/orthopaedie-starnberg.com\/","sameAs":[],"logo":{"@type":"ImageObject","inLanguage":"de","@id":"https:\/\/orthopaedie-starnberg.com\/#\/schema\/logo\/image\/","url":"https:\/\/orthopaedie-starnberg.com\/wp-content\/uploads\/2022\/04\/dr.schuster-orthopaedie-logo-1.png","contentUrl":"https:\/\/orthopaedie-starnberg.com\/wp-content\/uploads\/2022\/04\/dr.schuster-orthopaedie-logo-1.png","width":1776,"height":125,"caption":"Orthopaedie Starnberg"},"image":{"@id":"https:\/\/orthopaedie-starnberg.com\/#\/schema\/logo\/image\/"}},{"@type":"WebSite","@id":"https:\/\/orthopaedie-starnberg.com\/#website","url":"https:\/\/orthopaedie-starnberg.com\/","name":"Dr. med. Luis Schuster","description":"Orthopaedie Starnberg","publisher":{"@id":"https:\/\/orthopaedie-starnberg.com\/#organization"},"potentialAction":[{"@type":"SearchAction","target":{"@type":"EntryPoint","urlTemplate":"https:\/\/orthopaedie-starnberg.com\/?s={search_term_string}"},"query-input":"required name=search_term_string"}],"inLanguage":"de"},{"@type":"WebPage","@id":"https:\/\/orthopaedie-starnberg.com\/?page_id=1270&lang=es","url":"https:\/\/orthopaedie-starnberg.com\/?page_id=1270&lang=es","name":"Servicios - Dr. med. Luis Schuster","isPartOf":{"@id":"https:\/\/orthopaedie-starnberg.com\/#website"},"datePublished":"2023-02-15T13:43:58+00:00","dateModified":"2023-05-20T12:46:11+00:00","breadcrumb":{"@id":"https:\/\/orthopaedie-starnberg.com\/?page_id=1270&lang=es#breadcrumb"},"inLanguage":"de","potentialAction":[{"@type":"ReadAction","target":["https:\/\/orthopaedie-starnberg.com\/?page_id=1270&lang=es"]}]},{"@type":"BreadcrumbList","@id":"https:\/\/orthopaedie-starnberg.com\/?page_id=1270&lang=es#breadcrumb","itemListElement":[{"@type":"ListItem","position":1,"name":"Startseite","item":"https:\/\/orthopaedie-starnberg.com\/"},{"@type":"ListItem","position":2,"name":"Servicios"}]}]}},"_links":{"self":[{"href":"https:\/\/orthopaedie-starnberg.com\/index.php?rest_route=\/wp\/v2\/pages\/1270","targetHints":{"allow":["GET"]}}],"collection":[{"href":"https:\/\/orthopaedie-starnberg.com\/index.php?rest_route=\/wp\/v2\/pages"}],"about":[{"href":"https:\/\/orthopaedie-starnberg.com\/index.php?rest_route=\/wp\/v2\/types\/page"}],"author":[{"embeddable":true,"href":"https:\/\/orthopaedie-starnberg.com\/index.php?rest_route=\/wp\/v2\/users\/4"}],"replies":[{"embeddable":true,"href":"https:\/\/orthopaedie-starnberg.com\/index.php?rest_route=%2Fwp%2Fv2%2Fcomments&post=1270"}],"version-history":[{"count":4,"href":"https:\/\/orthopaedie-starnberg.com\/index.php?rest_route=\/wp\/v2\/pages\/1270\/revisions"}],"predecessor-version":[{"id":1448,"href":"https:\/\/orthopaedie-starnberg.com\/index.php?rest_route=\/wp\/v2\/pages\/1270\/revisions\/1448"}],"wp:attachment":[{"href":"https:\/\/orthopaedie-starnberg.com\/index.php?rest_route=%2Fwp%2Fv2%2Fmedia&parent=1270"}],"curies":[{"name":"wp","href":"https:\/\/api.w.org\/{rel}","templated":true}]}}