{"id":1275,"date":"2023-02-15T13:46:38","date_gmt":"2023-02-15T13:46:38","guid":{"rendered":"https:\/\/orthopaedie-starnberg.com\/?page_id=1275"},"modified":"2023-05-20T12:38:37","modified_gmt":"2023-05-20T12:38:37","slug":"filosofia","status":"publish","type":"page","link":"https:\/\/orthopaedie-starnberg.com\/?page_id=1275&lang=es","title":{"rendered":"Filosof\u00eda"},"content":{"rendered":"\t\t<div data-elementor-type=\"wp-page\" data-elementor-id=\"1275\" class=\"elementor elementor-1275\">\n\t\t\t\t\t\t\t\t\t<section class=\"elementor-section elementor-top-section elementor-element elementor-element-4b07cb6 elementor-section-full_width elementor-section-height-min-height elementor-section-items-stretch elementor-section-content-middle elementor-reverse-mobile elementor-reverse-tablet elementor-section-height-default\" data-id=\"4b07cb6\" data-element_type=\"section\">\n\t\t\t\t\t\t<div class=\"elementor-container elementor-column-gap-no\">\n\t\t\t\t\t<div class=\"elementor-column elementor-col-50 elementor-top-column elementor-element elementor-element-32cf2aa\" data-id=\"32cf2aa\" data-element_type=\"column\">\n\t\t\t<div class=\"elementor-widget-wrap elementor-element-populated\">\n\t\t\t\t\t\t\t\t<div class=\"elementor-element elementor-element-8fc2f7d animated-fast elementor-invisible elementor-widget elementor-widget-heading\" data-id=\"8fc2f7d\" data-element_type=\"widget\" data-settings=\"{&quot;_animation&quot;:&quot;fadeIn&quot;}\" data-widget_type=\"heading.default\">\n\t\t\t\t<div class=\"elementor-widget-container\">\n\t\t\t<style>\/*! elementor - v3.6.7 - 03-07-2022 *\/\n.elementor-heading-title{padding:0;margin:0;line-height:1}.elementor-widget-heading .elementor-heading-title[class*=elementor-size-]>a{color:inherit;font-size:inherit;line-height:inherit}.elementor-widget-heading .elementor-heading-title.elementor-size-small{font-size:15px}.elementor-widget-heading .elementor-heading-title.elementor-size-medium{font-size:19px}.elementor-widget-heading .elementor-heading-title.elementor-size-large{font-size:29px}.elementor-widget-heading .elementor-heading-title.elementor-size-xl{font-size:39px}.elementor-widget-heading .elementor-heading-title.elementor-size-xxl{font-size:59px}<\/style><h1 class=\"elementor-heading-title elementor-size-default\">Filosof\u00eda<\/h1>\t\t<\/div>\n\t\t\t\t<\/div>\n\t\t\t\t<div class=\"elementor-element elementor-element-26a3d2d elementor-widget elementor-widget-heading\" data-id=\"26a3d2d\" data-element_type=\"widget\" data-widget_type=\"heading.default\">\n\t\t\t\t<div class=\"elementor-widget-container\">\n\t\t\t<h3 class=\"elementor-heading-title elementor-size-default\">Acupuntura, quiropr\u00e1ctica y medicina ortomolecular<\/h3>\t\t<\/div>\n\t\t\t\t<\/div>\n\t\t\t\t<div class=\"elementor-element elementor-element-88cc2d9 elementor-invisible elementor-widget elementor-widget-text-editor\" data-id=\"88cc2d9\" data-element_type=\"widget\" data-settings=\"{&quot;_animation&quot;:&quot;fadeIn&quot;}\" data-widget_type=\"text-editor.default\">\n\t\t\t\t<div class=\"elementor-widget-container\">\n\t\t\t<style>\/*! elementor - v3.6.7 - 03-07-2022 *\/\n.elementor-widget-text-editor.elementor-drop-cap-view-stacked .elementor-drop-cap{background-color:#818a91;color:#fff}.elementor-widget-text-editor.elementor-drop-cap-view-framed .elementor-drop-cap{color:#818a91;border:3px solid;background-color:transparent}.elementor-widget-text-editor:not(.elementor-drop-cap-view-default) .elementor-drop-cap{margin-top:8px}.elementor-widget-text-editor:not(.elementor-drop-cap-view-default) .elementor-drop-cap-letter{width:1em;height:1em}.elementor-widget-text-editor .elementor-drop-cap{float:left;text-align:center;line-height:1;font-size:50px}.elementor-widget-text-editor .elementor-drop-cap-letter{display:inline-block}<\/style>\t\t\t\t<p>El t\u00e9rmino ortopedia procede del griego y significa &#8222;educar correctamente&#8220;. La ortopedia se menciona por primera vez en la historia como especialidad m\u00e9dica en relaci\u00f3n con el pediatra franc\u00e9s Nicolas Andry (1658-1742), que al comienzo del Siglo de las Luces abogaba por dejar crecer a los ni\u00f1os lo m\u00e1s libremente posible y en un entorno natural sin las influencias nocivas de la civilizaci\u00f3n. En los dos siglos y medio siguientes, los cirujanos ortop\u00e9dicos no s\u00f3lo se esforzaron por alejar de sus pacientes las influencias nocivas de la civilizaci\u00f3n, sino tambi\u00e9n por utilizar todas las posibilidades de la medicina moderna para apoyar a la naturaleza en los procesos de curaci\u00f3n y recuperaci\u00f3n de las enfermedades del sistema musculoesquel\u00e9tico humano. La experiencia adquirida durante d\u00e9cadas y siglos en medicina f\u00edsica con una gran variedad de t\u00e9cnicas y procedimientos de tratamiento, la farmacolog\u00eda con su terapia del dolor, el tratamiento con antibi\u00f3ticos, la prevenci\u00f3n de la trombosis y la posibilidad de tratar muchas otras enfermedades internas concomitantes, as\u00ed como la cirug\u00eda articular en particular con la posibilidad de curar la artrosis grave de las articulaciones de la cadera, son una gran ayuda para los ortopedas en sus esfuerzos por ayudar a las personas a superar los problemas de salud del sistema musculoesquel\u00e9tico.<\/p>\t\t\t\t\t\t<\/div>\n\t\t\t\t<\/div>\n\t\t\t\t\t<\/div>\n\t\t<\/div>\n\t\t\t\t<div class=\"elementor-column elementor-col-50 elementor-top-column elementor-element elementor-element-5615f41\" data-id=\"5615f41\" data-element_type=\"column\" data-settings=\"{&quot;background_background&quot;:&quot;classic&quot;}\">\n\t\t\t<div class=\"elementor-widget-wrap elementor-element-populated\">\n\t\t\t\t\t\t\t\t<div class=\"elementor-element elementor-element-3365810 elementor-widget elementor-widget-spacer\" data-id=\"3365810\" data-element_type=\"widget\" data-widget_type=\"spacer.default\">\n\t\t\t\t<div class=\"elementor-widget-container\">\n\t\t\t<style>\/*! elementor - v3.6.7 - 03-07-2022 *\/\n.e-container.e-container--row .elementor-spacer-inner{width:var(--spacer-size)}.e-container.e-container--column .elementor-spacer-inner,.elementor-column .elementor-spacer-inner{height:var(--spacer-size)}<\/style>\t\t<div class=\"elementor-spacer\">\n\t\t\t<div class=\"elementor-spacer-inner\"><\/div>\n\t\t<\/div>\n\t\t\t\t<\/div>\n\t\t\t\t<\/div>\n\t\t\t\t\t<\/div>\n\t\t<\/div>\n\t\t\t\t\t\t\t<\/div>\n\t\t<\/section>\n\t\t\t\t<section class=\"elementor-section elementor-top-section elementor-element elementor-element-83d5273 elementor-section-full_width elementor-section-content-top elementor-section-height-default elementor-section-height-default\" data-id=\"83d5273\" data-element_type=\"section\">\n\t\t\t\t\t\t<div class=\"elementor-container elementor-column-gap-no\">\n\t\t\t\t\t<div class=\"elementor-column elementor-col-50 elementor-top-column elementor-element elementor-element-3658f3b elementor-invisible\" data-id=\"3658f3b\" data-element_type=\"column\" data-settings=\"{&quot;background_background&quot;:&quot;classic&quot;,&quot;animation&quot;:&quot;fadeIn&quot;,&quot;animation_mobile&quot;:&quot;none&quot;,&quot;animation_delay&quot;:&quot;200&quot;}\">\n\t\t\t<div class=\"elementor-widget-wrap elementor-element-populated\">\n\t\t\t\t\t\t\t\t<div class=\"elementor-element elementor-element-305dbe5 elementor-widget elementor-widget-heading\" data-id=\"305dbe5\" data-element_type=\"widget\" data-widget_type=\"heading.default\">\n\t\t\t\t<div class=\"elementor-widget-container\">\n\t\t\t<h3 class=\"elementor-heading-title elementor-size-default\">\u00a1El que cura tiene raz\u00f3n!<\/h3>\t\t<\/div>\n\t\t\t\t<\/div>\n\t\t\t\t<div class=\"elementor-element elementor-element-ba734be elementor-invisible elementor-widget elementor-widget-text-editor\" data-id=\"ba734be\" data-element_type=\"widget\" data-settings=\"{&quot;_animation&quot;:&quot;fadeIn&quot;}\" data-widget_type=\"text-editor.default\">\n\t\t\t\t<div class=\"elementor-widget-container\">\n\t\t\t\t\t\t\t<p>En muchos casos, remedios sencillos ayudan al paciente y al m\u00e9dico a conseguir una mejor\u00eda o una curaci\u00f3n. Con este fin, tambi\u00e9n se han integrado en la medicina cl\u00e1sica conceptos hol\u00edsticos modernos con m\u00e9todos m\u00e9dicos en parte alternativos y de curaci\u00f3n del Lejano Oriente. Las experiencias y m\u00e9todos m\u00e9dicos probados y establecidos en nuestro c\u00edrculo cultural s\u00f3lo pueden probarse y mejorarse tratando y, si es necesario, integrando procedimientos que en parte son a\u00fan m\u00e1s antiguos y est\u00e1n a\u00fan m\u00e1s extendidos. Con este fin, en nuestra consulta ortop\u00e9dica de Starnberg ofrecemos acupuntura, medicina ortomolecular y terapia quiropr\u00e1ctica, adem\u00e1s del diagn\u00f3stico ortop\u00e9dico convencional y la terapia con adaptaci\u00f3n individual de pr\u00f3tesis de rodilla.<\/p>\t\t\t\t\t\t<\/div>\n\t\t\t\t<\/div>\n\t\t\t\t<div class=\"elementor-element elementor-element-f6c72cc elementor-widget elementor-widget-heading\" data-id=\"f6c72cc\" data-element_type=\"widget\" data-widget_type=\"heading.default\">\n\t\t\t\t<div class=\"elementor-widget-container\">\n\t\t\t<h3 class=\"elementor-heading-title elementor-size-default\">\u00a1Mant\u00e9n los pies en el suelo!<\/h3>\t\t<\/div>\n\t\t\t\t<\/div>\n\t\t\t\t<div class=\"elementor-element elementor-element-cf9d719 elementor-invisible elementor-widget elementor-widget-text-editor\" data-id=\"cf9d719\" data-element_type=\"widget\" data-settings=\"{&quot;_animation&quot;:&quot;fadeIn&quot;}\" data-widget_type=\"text-editor.default\">\n\t\t\t\t<div class=\"elementor-widget-container\">\n\t\t\t\t\t\t\t<p>A pesar de todo el entusiasmo por los procedimientos t\u00e9cnicos avanzados y alternativos, una cosa debe quedar siempre clara: el centro de atenci\u00f3n es la persona que necesita ayuda en su situaci\u00f3n actual e individual.<\/p>\t\t\t\t\t\t<\/div>\n\t\t\t\t<\/div>\n\t\t\t\t<div class=\"elementor-element elementor-element-35e66ec elementor-widget elementor-widget-heading\" data-id=\"35e66ec\" data-element_type=\"widget\" data-widget_type=\"heading.default\">\n\t\t\t\t<div class=\"elementor-widget-container\">\n\t\t\t<h3 class=\"elementor-heading-title elementor-size-default\">\u00a1Juntos somos fuertes!<\/h3>\t\t<\/div>\n\t\t\t\t<\/div>\n\t\t\t\t<div class=\"elementor-element elementor-element-2b660e0 elementor-invisible elementor-widget elementor-widget-text-editor\" data-id=\"2b660e0\" data-element_type=\"widget\" data-settings=\"{&quot;_animation&quot;:&quot;fadeIn&quot;}\" data-widget_type=\"text-editor.default\">\n\t\t\t\t<div class=\"elementor-widget-container\">\n\t\t\t\t\t\t\t<p>En el \u00e1rea de M\u00fanich tenemos la oportunidad de garantizar una asistencia m\u00e9dica de primera clase como en casi ning\u00fan otro lugar del mundo, gracias a la alta densidad de m\u00e9dicos y a una excelente infraestructura. Nadie puede hacerlo todo, pero todos pueden hacer una cosa especialmente bien. Cuando nos esforzamos por tratar problemas de salud, es importante que los m\u00e9dicos conozcamos nuestras propias capacidades y posibilidades, as\u00ed como las capacidades y posibilidades de nuestros colegas.<br><br>Por este motivo, como cirujano ortop\u00e9dico en Starnberg, concedo gran importancia a una buena cooperaci\u00f3n con los colegas locales y me siento agradecido cuando puedo remitir a mis pacientes en casos especiales a un socio colaborador del que s\u00e9 que me garantiza una atenci\u00f3n \u00f3ptima.<br><\/p>\t\t\t\t\t\t<\/div>\n\t\t\t\t<\/div>\n\t\t\t\t\t<\/div>\n\t\t<\/div>\n\t\t\t\t<div class=\"elementor-column elementor-col-50 elementor-top-column elementor-element elementor-element-b84562a elementor-invisible\" data-id=\"b84562a\" data-element_type=\"column\" data-settings=\"{&quot;background_background&quot;:&quot;classic&quot;,&quot;animation&quot;:&quot;fadeIn&quot;,&quot;animation_mobile&quot;:&quot;none&quot;}\">\n\t\t\t<div class=\"elementor-widget-wrap\">\n\t\t\t\t\t\t\t\t\t<\/div>\n\t\t<\/div>\n\t\t\t\t\t\t\t<\/div>\n\t\t<\/section>\n\t\t\t\t\t\t\t<\/div>\n\t\t","protected":false},"excerpt":{"rendered":"<p>Filosof\u00eda Acupuntura, quiropr\u00e1ctica y medicina ortomolecular El t\u00e9rmino ortopedia procede del griego y significa &#8222;educar correctamente&#8220;. La ortopedia se menciona por primera vez en la historia como especialidad m\u00e9dica en relaci\u00f3n con el pediatra franc\u00e9s Nicolas Andry (1658-1742), que al comienzo del Siglo de las Luces abogaba por dejar crecer a los ni\u00f1os lo m\u00e1s [&hellip;]<\/p>\n","protected":false},"author":4,"featured_media":0,"parent":0,"menu_order":0,"comment_status":"closed","ping_status":"closed","template":"","meta":{"footnotes":""},"class_list":["post-1275","page","type-page","status-publish","hentry"],"yoast_head":"<!-- This site is optimized with the Yoast SEO plugin v19.3 - https:\/\/yoast.com\/wordpress\/plugins\/seo\/ -->\n<title>Filosof\u00eda - Dr. med. Luis Schuster<\/title>\n<meta name=\"robots\" content=\"index, follow, max-snippet:-1, max-image-preview:large, max-video-preview:-1\" \/>\n<link rel=\"canonical\" href=\"https:\/\/orthopaedie-starnberg.com\/?page_id=1275&lang=es\" \/>\n<meta property=\"og:locale\" content=\"de_DE\" \/>\n<meta property=\"og:type\" content=\"article\" \/>\n<meta property=\"og:title\" content=\"Filosof\u00eda - Dr. med. Luis Schuster\" \/>\n<meta property=\"og:description\" content=\"Filosof\u00eda Acupuntura, quiropr\u00e1ctica y medicina ortomolecular El t\u00e9rmino ortopedia procede del griego y significa &#8222;educar correctamente&#8220;. La ortopedia se menciona por primera vez en la historia como especialidad m\u00e9dica en relaci\u00f3n con el pediatra franc\u00e9s Nicolas Andry (1658-1742), que al comienzo del Siglo de las Luces abogaba por dejar crecer a los ni\u00f1os lo m\u00e1s [&hellip;]\" \/>\n<meta property=\"og:url\" content=\"https:\/\/orthopaedie-starnberg.com\/?page_id=1275&amp;lang=es\" \/>\n<meta property=\"og:site_name\" content=\"Dr. med. Luis Schuster\" \/>\n<meta property=\"article:modified_time\" content=\"2023-05-20T12:38:37+00:00\" \/>\n<meta name=\"twitter:card\" content=\"summary_large_image\" \/>\n<meta name=\"twitter:label1\" content=\"Gesch\u00e4tzte Lesezeit\" \/>\n\t<meta name=\"twitter:data1\" content=\"3\u00a0Minuten\" \/>\n<script type=\"application\/ld+json\" class=\"yoast-schema-graph\">{\"@context\":\"https:\/\/schema.org\",\"@graph\":[{\"@type\":\"Organization\",\"@id\":\"https:\/\/orthopaedie-starnberg.com\/#organization\",\"name\":\"Orthopaedie Starnberg\",\"url\":\"https:\/\/orthopaedie-starnberg.com\/\",\"sameAs\":[],\"logo\":{\"@type\":\"ImageObject\",\"inLanguage\":\"de\",\"@id\":\"https:\/\/orthopaedie-starnberg.com\/#\/schema\/logo\/image\/\",\"url\":\"https:\/\/orthopaedie-starnberg.com\/wp-content\/uploads\/2022\/04\/dr.schuster-orthopaedie-logo-1.png\",\"contentUrl\":\"https:\/\/orthopaedie-starnberg.com\/wp-content\/uploads\/2022\/04\/dr.schuster-orthopaedie-logo-1.png\",\"width\":1776,\"height\":125,\"caption\":\"Orthopaedie Starnberg\"},\"image\":{\"@id\":\"https:\/\/orthopaedie-starnberg.com\/#\/schema\/logo\/image\/\"}},{\"@type\":\"WebSite\",\"@id\":\"https:\/\/orthopaedie-starnberg.com\/#website\",\"url\":\"https:\/\/orthopaedie-starnberg.com\/\",\"name\":\"Dr. med. Luis Schuster\",\"description\":\"Orthopaedie Starnberg\",\"publisher\":{\"@id\":\"https:\/\/orthopaedie-starnberg.com\/#organization\"},\"potentialAction\":[{\"@type\":\"SearchAction\",\"target\":{\"@type\":\"EntryPoint\",\"urlTemplate\":\"https:\/\/orthopaedie-starnberg.com\/?s={search_term_string}\"},\"query-input\":\"required name=search_term_string\"}],\"inLanguage\":\"de\"},{\"@type\":\"WebPage\",\"@id\":\"https:\/\/orthopaedie-starnberg.com\/?page_id=1275&lang=es\",\"url\":\"https:\/\/orthopaedie-starnberg.com\/?page_id=1275&lang=es\",\"name\":\"Filosof\u00eda - Dr. med. Luis Schuster\",\"isPartOf\":{\"@id\":\"https:\/\/orthopaedie-starnberg.com\/#website\"},\"datePublished\":\"2023-02-15T13:46:38+00:00\",\"dateModified\":\"2023-05-20T12:38:37+00:00\",\"breadcrumb\":{\"@id\":\"https:\/\/orthopaedie-starnberg.com\/?page_id=1275&lang=es#breadcrumb\"},\"inLanguage\":\"de\",\"potentialAction\":[{\"@type\":\"ReadAction\",\"target\":[\"https:\/\/orthopaedie-starnberg.com\/?page_id=1275&lang=es\"]}]},{\"@type\":\"BreadcrumbList\",\"@id\":\"https:\/\/orthopaedie-starnberg.com\/?page_id=1275&lang=es#breadcrumb\",\"itemListElement\":[{\"@type\":\"ListItem\",\"position\":1,\"name\":\"Startseite\",\"item\":\"https:\/\/orthopaedie-starnberg.com\/\"},{\"@type\":\"ListItem\",\"position\":2,\"name\":\"Filosof\u00eda\"}]}]}<\/script>\n<!-- \/ Yoast SEO plugin. -->","yoast_head_json":{"title":"Filosof\u00eda - Dr. med. Luis Schuster","robots":{"index":"index","follow":"follow","max-snippet":"max-snippet:-1","max-image-preview":"max-image-preview:large","max-video-preview":"max-video-preview:-1"},"canonical":"https:\/\/orthopaedie-starnberg.com\/?page_id=1275&lang=es","og_locale":"de_DE","og_type":"article","og_title":"Filosof\u00eda - Dr. med. Luis Schuster","og_description":"Filosof\u00eda Acupuntura, quiropr\u00e1ctica y medicina ortomolecular El t\u00e9rmino ortopedia procede del griego y significa &#8222;educar correctamente&#8220;. La ortopedia se menciona por primera vez en la historia como especialidad m\u00e9dica en relaci\u00f3n con el pediatra franc\u00e9s Nicolas Andry (1658-1742), que al comienzo del Siglo de las Luces abogaba por dejar crecer a los ni\u00f1os lo m\u00e1s [&hellip;]","og_url":"https:\/\/orthopaedie-starnberg.com\/?page_id=1275&lang=es","og_site_name":"Dr. med. Luis Schuster","article_modified_time":"2023-05-20T12:38:37+00:00","twitter_card":"summary_large_image","twitter_misc":{"Gesch\u00e4tzte Lesezeit":"3\u00a0Minuten"},"schema":{"@context":"https:\/\/schema.org","@graph":[{"@type":"Organization","@id":"https:\/\/orthopaedie-starnberg.com\/#organization","name":"Orthopaedie Starnberg","url":"https:\/\/orthopaedie-starnberg.com\/","sameAs":[],"logo":{"@type":"ImageObject","inLanguage":"de","@id":"https:\/\/orthopaedie-starnberg.com\/#\/schema\/logo\/image\/","url":"https:\/\/orthopaedie-starnberg.com\/wp-content\/uploads\/2022\/04\/dr.schuster-orthopaedie-logo-1.png","contentUrl":"https:\/\/orthopaedie-starnberg.com\/wp-content\/uploads\/2022\/04\/dr.schuster-orthopaedie-logo-1.png","width":1776,"height":125,"caption":"Orthopaedie Starnberg"},"image":{"@id":"https:\/\/orthopaedie-starnberg.com\/#\/schema\/logo\/image\/"}},{"@type":"WebSite","@id":"https:\/\/orthopaedie-starnberg.com\/#website","url":"https:\/\/orthopaedie-starnberg.com\/","name":"Dr. med. Luis Schuster","description":"Orthopaedie Starnberg","publisher":{"@id":"https:\/\/orthopaedie-starnberg.com\/#organization"},"potentialAction":[{"@type":"SearchAction","target":{"@type":"EntryPoint","urlTemplate":"https:\/\/orthopaedie-starnberg.com\/?s={search_term_string}"},"query-input":"required name=search_term_string"}],"inLanguage":"de"},{"@type":"WebPage","@id":"https:\/\/orthopaedie-starnberg.com\/?page_id=1275&lang=es","url":"https:\/\/orthopaedie-starnberg.com\/?page_id=1275&lang=es","name":"Filosof\u00eda - Dr. med. Luis Schuster","isPartOf":{"@id":"https:\/\/orthopaedie-starnberg.com\/#website"},"datePublished":"2023-02-15T13:46:38+00:00","dateModified":"2023-05-20T12:38:37+00:00","breadcrumb":{"@id":"https:\/\/orthopaedie-starnberg.com\/?page_id=1275&lang=es#breadcrumb"},"inLanguage":"de","potentialAction":[{"@type":"ReadAction","target":["https:\/\/orthopaedie-starnberg.com\/?page_id=1275&lang=es"]}]},{"@type":"BreadcrumbList","@id":"https:\/\/orthopaedie-starnberg.com\/?page_id=1275&lang=es#breadcrumb","itemListElement":[{"@type":"ListItem","position":1,"name":"Startseite","item":"https:\/\/orthopaedie-starnberg.com\/"},{"@type":"ListItem","position":2,"name":"Filosof\u00eda"}]}]}},"_links":{"self":[{"href":"https:\/\/orthopaedie-starnberg.com\/index.php?rest_route=\/wp\/v2\/pages\/1275","targetHints":{"allow":["GET"]}}],"collection":[{"href":"https:\/\/orthopaedie-starnberg.com\/index.php?rest_route=\/wp\/v2\/pages"}],"about":[{"href":"https:\/\/orthopaedie-starnberg.com\/index.php?rest_route=\/wp\/v2\/types\/page"}],"author":[{"embeddable":true,"href":"https:\/\/orthopaedie-starnberg.com\/index.php?rest_route=\/wp\/v2\/users\/4"}],"replies":[{"embeddable":true,"href":"https:\/\/orthopaedie-starnberg.com\/index.php?rest_route=%2Fwp%2Fv2%2Fcomments&post=1275"}],"version-history":[{"count":4,"href":"https:\/\/orthopaedie-starnberg.com\/index.php?rest_route=\/wp\/v2\/pages\/1275\/revisions"}],"predecessor-version":[{"id":1442,"href":"https:\/\/orthopaedie-starnberg.com\/index.php?rest_route=\/wp\/v2\/pages\/1275\/revisions\/1442"}],"wp:attachment":[{"href":"https:\/\/orthopaedie-starnberg.com\/index.php?rest_route=%2Fwp%2Fv2%2Fmedia&parent=1275"}],"curies":[{"name":"wp","href":"https:\/\/api.w.org\/{rel}","templated":true}]}}