{"id":187,"date":"2022-04-01T10:07:58","date_gmt":"2022-04-01T10:07:58","guid":{"rendered":"https:\/\/orthopaedie-starnberg.com\/?page_id=187"},"modified":"2024-03-21T18:17:00","modified_gmt":"2024-03-21T18:17:00","slug":"endoprothese","status":"publish","type":"page","link":"https:\/\/orthopaedie-starnberg.com\/?page_id=187","title":{"rendered":"Endoprothese"},"content":{"rendered":"\t\t<div data-elementor-type=\"wp-page\" data-elementor-id=\"187\" class=\"elementor elementor-187\">\n\t\t\t\t\t\t\t\t\t<section class=\"elementor-section elementor-top-section elementor-element elementor-element-bde352b elementor-section-full_width elementor-section-height-min-height elementor-section-items-stretch elementor-section-content-middle elementor-reverse-mobile elementor-reverse-tablet elementor-section-height-default\" data-id=\"bde352b\" data-element_type=\"section\">\n\t\t\t\t\t\t<div class=\"elementor-container elementor-column-gap-no\">\n\t\t\t\t\t<div class=\"elementor-column elementor-col-50 elementor-top-column elementor-element elementor-element-0446dd3\" data-id=\"0446dd3\" data-element_type=\"column\">\n\t\t\t<div class=\"elementor-widget-wrap elementor-element-populated\">\n\t\t\t\t\t\t\t\t<div class=\"elementor-element elementor-element-e410f0d animated-fast elementor-invisible elementor-widget elementor-widget-heading\" data-id=\"e410f0d\" data-element_type=\"widget\" data-settings=\"{&quot;_animation&quot;:&quot;fadeIn&quot;}\" data-widget_type=\"heading.default\">\n\t\t\t\t<div class=\"elementor-widget-container\">\n\t\t\t<style>\/*! elementor - v3.6.7 - 03-07-2022 *\/\n.elementor-heading-title{padding:0;margin:0;line-height:1}.elementor-widget-heading .elementor-heading-title[class*=elementor-size-]>a{color:inherit;font-size:inherit;line-height:inherit}.elementor-widget-heading .elementor-heading-title.elementor-size-small{font-size:15px}.elementor-widget-heading .elementor-heading-title.elementor-size-medium{font-size:19px}.elementor-widget-heading .elementor-heading-title.elementor-size-large{font-size:29px}.elementor-widget-heading .elementor-heading-title.elementor-size-xl{font-size:39px}.elementor-widget-heading .elementor-heading-title.elementor-size-xxl{font-size:59px}<\/style><h1 class=\"elementor-heading-title elementor-size-default\">Endoprothese\u200b<\/h1>\t\t<\/div>\n\t\t\t\t<\/div>\n\t\t\t\t<div class=\"elementor-element elementor-element-5f21bda9 elementor-invisible elementor-widget elementor-widget-text-editor\" data-id=\"5f21bda9\" data-element_type=\"widget\" data-settings=\"{&quot;_animation&quot;:&quot;fadeIn&quot;}\" data-widget_type=\"text-editor.default\">\n\t\t\t\t<div class=\"elementor-widget-container\">\n\t\t\t<style>\/*! elementor - v3.6.7 - 03-07-2022 *\/\n.elementor-widget-text-editor.elementor-drop-cap-view-stacked .elementor-drop-cap{background-color:#818a91;color:#fff}.elementor-widget-text-editor.elementor-drop-cap-view-framed .elementor-drop-cap{color:#818a91;border:3px solid;background-color:transparent}.elementor-widget-text-editor:not(.elementor-drop-cap-view-default) .elementor-drop-cap{margin-top:8px}.elementor-widget-text-editor:not(.elementor-drop-cap-view-default) .elementor-drop-cap-letter{width:1em;height:1em}.elementor-widget-text-editor .elementor-drop-cap{float:left;text-align:center;line-height:1;font-size:50px}.elementor-widget-text-editor .elementor-drop-cap-letter{display:inline-block}<\/style>\t\t\t\t<p>Die Kniegelenkendoprothetik ist einer unserer Praxisschwerpunkte. In unserer orthop\u00e4dischen Praxis in Starnberg bem\u00fchen wir uns, von Anfang an in Zusammenarbeit mit vielen erfahrenen Kollegen, u. a. Professor Plitz, dem langj\u00e4hrigen Leiter des Instituts f\u00fcr Biomechanik der Ludwig Maximilian Universit\u00e4t in M\u00fcnchen, die Ergebnisse von endoprothetischen Kniegelenksoperationen , welche bis heute noch unbefriedigende Ergebnisse in circa 15 bis 20% (!) der F\u00fclle liefern, zu verbessern.<\/p><p>Das Hauptproblem beim endoprothetischen Ersatz des Kniegelenkes ist zum einen in der Komplexit\u00e4t dieses Gelenkes im Vergleich zum H\u00fcftgelenk, zum anderen aber auch in den erheblichen Unterschieden der Gelenkgeometrie zwischen einem Individuum und dem anderen begr\u00fcndet.<\/p><p>Beiden Kriterien werden die derzeit auf dem Markt angebotenen Standardprothese, welche in der Regel geometrische symmetrische Designs in verschiedenen Gr\u00f6\u00dfen aufweisen, nur unzul\u00e4nglich gerecht. Bezeichnend ist, dass keine der \u00fcblichen Endoprothesen in der Lage ist, das vordere Kreuzband zu erhalten. Oftmals muss auch das hintere Kreuzband geopfert werden. Diese zentralen Pfeiler des Kniegelenkes stabilisieren Ober &#8211; und Unterschenkel in jedem Beugungswinkel gegeneinander und sind exakt auf die individuelle Oberfl\u00e4chengeometrie des jeweiligen Kniegelenkes abgestimmt. Nur wenn bei einer endoprothetischen Versorgung diese Oberfl\u00e4chen exakt rekonstruiert werden, k\u00f6nnen diese Strukturen erhalten bleiben , was jedoch bei der Verwendung von Standardprothesen in der Regel nicht m\u00f6glich ist. Wie wichtig jedoch der Erhalt dieser B\u00e4nder ist, l\u00e4sst sich schon daran erkennen, dass bei jedem Riss des vorderen Kreuzbandes an einem Kniegelenke stets eine operative Rekonstruktion dieses Bandes durchgef\u00fchrt wird.<\/p><p>Durch die exakte individuelle Anpassung der Prothesen und ebenso exakte Implantation derselben ist es jedoch m\u00f6glich, ein Kniegelenk mit neuen, belastbaren Gelenkoberfl\u00e4chen , vollst\u00e4ndig erhaltenem Bandapparat und damit einer verbesserten Stabilit\u00e4t, nat\u00fcrlicheren Bewegung sowie einem erh\u00f6hten Tragekomfort wiederherzustellen.<\/p><p><em>(Artikel, alphaform, September 2009) <\/em><\/p><h6>Mehr Lebensqualit\u00e4t durch Mobilit\u00e4t Individuelle Knieendoprothese mittels Rapid Prototyping:<\/h6><h6>H\u00f6chste Mobilit\u00e4t auch mit einer Knieprothese kaum vorstellbar in der aktuellen orthop\u00e4dischen Medizin. Seit 1993 forscht Dr. Luis Schuster auf dem Gebiet der Individualprothetik und entwickelte ein Verfahren, mit dem erstmals ein individuelles Knieimplantat bei deutlich vereinfachter Operation realisiert wurde. Die Methode hat das Potential, einen lange gehegten orthop\u00e4dischen Traum der Medizin zu verwirklichen.<\/h6><p>\u00a0<\/p>\t\t\t\t\t\t<\/div>\n\t\t\t\t<\/div>\n\t\t\t\t\t<\/div>\n\t\t<\/div>\n\t\t\t\t<div class=\"elementor-column elementor-col-50 elementor-top-column elementor-element elementor-element-30b9ad5\" data-id=\"30b9ad5\" data-element_type=\"column\" data-settings=\"{&quot;background_background&quot;:&quot;classic&quot;}\">\n\t\t\t<div class=\"elementor-widget-wrap elementor-element-populated\">\n\t\t\t\t\t\t\t\t<div class=\"elementor-element elementor-element-42060e6 elementor-widget elementor-widget-spacer\" data-id=\"42060e6\" data-element_type=\"widget\" data-widget_type=\"spacer.default\">\n\t\t\t\t<div class=\"elementor-widget-container\">\n\t\t\t<style>\/*! elementor - v3.6.7 - 03-07-2022 *\/\n.e-container.e-container--row .elementor-spacer-inner{width:var(--spacer-size)}.e-container.e-container--column .elementor-spacer-inner,.elementor-column .elementor-spacer-inner{height:var(--spacer-size)}<\/style>\t\t<div class=\"elementor-spacer\">\n\t\t\t<div class=\"elementor-spacer-inner\"><\/div>\n\t\t<\/div>\n\t\t\t\t<\/div>\n\t\t\t\t<\/div>\n\t\t\t\t\t<\/div>\n\t\t<\/div>\n\t\t\t\t\t\t\t<\/div>\n\t\t<\/section>\n\t\t\t\t<section class=\"elementor-section elementor-top-section elementor-element elementor-element-ae09942 elementor-section-full_width elementor-section-content-top elementor-section-height-default elementor-section-height-default\" data-id=\"ae09942\" data-element_type=\"section\" id=\"moreinfo\">\n\t\t\t\t\t\t<div class=\"elementor-container elementor-column-gap-no\">\n\t\t\t\t\t<div class=\"elementor-column elementor-col-50 elementor-top-column elementor-element elementor-element-3a856be1 elementor-invisible\" data-id=\"3a856be1\" data-element_type=\"column\" data-settings=\"{&quot;background_background&quot;:&quot;classic&quot;,&quot;animation&quot;:&quot;fadeIn&quot;,&quot;animation_delay&quot;:&quot;200&quot;,&quot;animation_mobile&quot;:&quot;none&quot;}\">\n\t\t\t<div class=\"elementor-widget-wrap elementor-element-populated\">\n\t\t\t\t\t\t\t\t<div class=\"elementor-element elementor-element-5292da14 elementor-widget elementor-widget-heading\" data-id=\"5292da14\" data-element_type=\"widget\" data-widget_type=\"heading.default\">\n\t\t\t\t<div class=\"elementor-widget-container\">\n\t\t\t<h3 class=\"elementor-heading-title elementor-size-default\">Das Problem 'Biomechanik'<\/h3>\t\t<\/div>\n\t\t\t\t<\/div>\n\t\t\t\t<div class=\"elementor-element elementor-element-6bdd30dd elementor-invisible elementor-widget elementor-widget-text-editor\" data-id=\"6bdd30dd\" data-element_type=\"widget\" data-settings=\"{&quot;_animation&quot;:&quot;fadeIn&quot;}\" data-widget_type=\"text-editor.default\">\n\t\t\t\t<div class=\"elementor-widget-container\">\n\t\t\t\t\t\t\t<p>F\u00fcr die Operation von Kniegelenksch\u00e4den werden bisher Standardimplantate mit begrenzter Form und Gr\u00f6\u00dfe eingesetzt. Der Chirurg nimmt hierbei massive Eingriffe in den Gelenkbereich des Patienten vor, da die Knochen des Patienten an das Standardimplantat angepasst werden m\u00fcssen.<\/p><p>Dabei kann der behandelnde Arzt nur wenig R\u00fccksicht auf die individuelle Biomechanik des Patienten nehmen. Die Folge ist ein nur m\u00e4\u00dfiger Tragekomfort der Prothese f\u00fcr den Patienten nach der Operation, ca. 15-20% der Patienten klagen \u00fcber Probleme. Eine Wiederherstellung der Gesamtmobilit\u00e4t ist nicht m\u00f6glich. Dies k\u00f6nnte bald der Vergangenheit angeh\u00f6ren.<\/p>\t\t\t\t\t\t<\/div>\n\t\t\t\t<\/div>\n\t\t\t\t<div class=\"elementor-element elementor-element-2bba87a elementor-widget elementor-widget-heading\" data-id=\"2bba87a\" data-element_type=\"widget\" data-widget_type=\"heading.default\">\n\t\t\t\t<div class=\"elementor-widget-container\">\n\t\t\t<h3 class=\"elementor-heading-title elementor-size-default\">Individualimplantat mit erprobten Prozessen<\/h3>\t\t<\/div>\n\t\t\t\t<\/div>\n\t\t\t\t<div class=\"elementor-element elementor-element-7a9856eb elementor-invisible elementor-widget elementor-widget-text-editor\" data-id=\"7a9856eb\" data-element_type=\"widget\" data-settings=\"{&quot;_animation&quot;:&quot;fadeIn&quot;}\" data-widget_type=\"text-editor.default\">\n\t\t\t\t<div class=\"elementor-widget-container\">\n\t\t\t\t\t\t\t<p>Nach langj\u00e4hriger Entwicklungsarbeit konnten wir alle Anforderungen an ein Individualimplantat erf\u00fcllen und das auf Basis standardisierter und medizinisch-orthop\u00e4disch zertifizierter Prozesse. Die individuellen Femur- und Tibia-Komponenten (Ober- und Unterschenkelimplantate) werden im Feinguss aus Chrom-Kobalt oder Titan hergestellt, Materialien, die seit vielen Jahren auch f\u00fcr Standardimplantate in der Orthop\u00e4die verwendet werden. Die Oberfl\u00e4chenbehandlung sowohl der Metallimplantate als auch der PE-Kunststoffkomponenten erfolgt in einem High-Tech CNC Fr\u00e4szentrum. Das Gegenst\u00fcck zum Implantat, die individuelle Operationsschablone, wird aus den 3D-Daten im Laser-Sinterverfahren aus Polyamid hergestellt.<\/p><p>Damit konnten alle kritischen Herstellungprozesse f\u00fcr Implantat und Operationsinstrumentarium realisiert werden. Die Geschwindigkeit zur Realisierung eines Individualimplantats ist ein kritischer Erfolgsfaktor. Zwischenzeitlich konnten durch das geeignete Applikations-Know-How und die verschiedenen Prozesstechnologien diese Anforderung in idealer Weise erf\u00fcllt werden.<\/p><p>&#8218;Da unser Verfahren die individuelle Biomechanik des Patienten ber\u00fccksichtigt und beide Kreuzb\u00e4nder bei der Operation erhalten bleiben, ergibt sich ein exzellenter Tragekomfort, der die volle Mobilit\u00e4t f\u00fcr den Patienten weitgehend wiederherstellt. Da sich auch die Operationsdauer auf weniger als die H\u00e4lfte der \u00fcblichen Zeit reduziert, wird auch das Operationsrisiko erheblich vermindert&#8216; Ein revolution\u00e4res Verfahren, das vielleicht in der Zukunft zum Standard werden kann.<\/p>\t\t\t\t\t\t<\/div>\n\t\t\t\t<\/div>\n\t\t\t\t<div class=\"elementor-element elementor-element-ba56d72 elementor-widget elementor-widget-heading\" data-id=\"ba56d72\" data-element_type=\"widget\" data-widget_type=\"heading.default\">\n\t\t\t\t<div class=\"elementor-widget-container\">\n\t\t\t<h3 class=\"elementor-heading-title elementor-size-default\">Geeignet auch fu\u0308r den teilendoprothetischen Gelenksersatz<\/h3>\t\t<\/div>\n\t\t\t\t<\/div>\n\t\t\t\t<div class=\"elementor-element elementor-element-8109f0f elementor-invisible elementor-widget elementor-widget-text-editor\" data-id=\"8109f0f\" data-element_type=\"widget\" data-settings=\"{&quot;_animation&quot;:&quot;fadeIn&quot;}\" data-widget_type=\"text-editor.default\">\n\t\t\t\t<div class=\"elementor-widget-container\">\n\t\t\t\t\t\t\t<p>Mit dieser Technologie lassen sich in Zukunft auch Teilendoprothesen, zum Beispiel sogenannte Hemischlitten, individuell anpassen und unter Verwendung der optimierten Schablonen-implantationstechnik einsetzen.<\/p><p>Durch \u00dcbernahme der Basisdaten zur Herstellung individueller Operationsschablonen wird es auch m\u00f6glich sein, Wechsel- und R\u00fcckzugsoperationen mittels Individual- oder Standardprothesen anderer Hersteller leichter, zuverl\u00e4ssiger und in deutlich k\u00fcrzerer als der \u00fcblichen Operationszeit durchzuf\u00fchren.<\/p>\t\t\t\t\t\t<\/div>\n\t\t\t\t<\/div>\n\t\t\t\t\t<\/div>\n\t\t<\/div>\n\t\t\t\t<div class=\"elementor-column elementor-col-50 elementor-top-column elementor-element elementor-element-3c36a60 elementor-invisible\" data-id=\"3c36a60\" data-element_type=\"column\" data-settings=\"{&quot;background_background&quot;:&quot;classic&quot;,&quot;animation&quot;:&quot;fadeIn&quot;,&quot;animation_mobile&quot;:&quot;none&quot;}\">\n\t\t\t<div class=\"elementor-widget-wrap\">\n\t\t\t\t\t\t\t\t\t<\/div>\n\t\t<\/div>\n\t\t\t\t\t\t\t<\/div>\n\t\t<\/section>\n\t\t\t\t\t\t\t<\/div>\n\t\t","protected":false},"excerpt":{"rendered":"<p>Endoprothese\u200b Die Kniegelenkendoprothetik ist einer unserer Praxisschwerpunkte. In unserer orthop\u00e4dischen Praxis in Starnberg bem\u00fchen wir uns, von Anfang an in Zusammenarbeit mit vielen erfahrenen Kollegen, u. a. Professor Plitz, dem langj\u00e4hrigen Leiter des Instituts f\u00fcr Biomechanik der Ludwig Maximilian Universit\u00e4t in M\u00fcnchen, die Ergebnisse von endoprothetischen Kniegelenksoperationen , welche bis heute noch unbefriedigende Ergebnisse in [&hellip;]<\/p>\n","protected":false},"author":2,"featured_media":0,"parent":0,"menu_order":0,"comment_status":"closed","ping_status":"closed","template":"","meta":{"footnotes":""},"class_list":["post-187","page","type-page","status-publish","hentry"],"yoast_head":"<!-- This site is optimized with the Yoast SEO plugin v19.3 - https:\/\/yoast.com\/wordpress\/plugins\/seo\/ -->\n<title>Endoprothese - Dr. med. Luis Schuster<\/title>\n<meta name=\"robots\" content=\"index, follow, max-snippet:-1, max-image-preview:large, max-video-preview:-1\" \/>\n<link rel=\"canonical\" href=\"https:\/\/orthopaedie-starnberg.com\/?page_id=187\" \/>\n<meta property=\"og:locale\" content=\"de_DE\" \/>\n<meta property=\"og:type\" content=\"article\" \/>\n<meta property=\"og:title\" content=\"Endoprothese - Dr. med. Luis Schuster\" \/>\n<meta property=\"og:description\" content=\"Endoprothese\u200b Die Kniegelenkendoprothetik ist einer unserer Praxisschwerpunkte. In unserer orthop\u00e4dischen Praxis in Starnberg bem\u00fchen wir uns, von Anfang an in Zusammenarbeit mit vielen erfahrenen Kollegen, u. a. Professor Plitz, dem langj\u00e4hrigen Leiter des Instituts f\u00fcr Biomechanik der Ludwig Maximilian Universit\u00e4t in M\u00fcnchen, die Ergebnisse von endoprothetischen Kniegelenksoperationen , welche bis heute noch unbefriedigende Ergebnisse in [&hellip;]\" \/>\n<meta property=\"og:url\" content=\"https:\/\/orthopaedie-starnberg.com\/?page_id=187\" \/>\n<meta property=\"og:site_name\" content=\"Dr. med. Luis Schuster\" \/>\n<meta property=\"article:modified_time\" content=\"2024-03-21T18:17:00+00:00\" \/>\n<meta name=\"twitter:card\" content=\"summary_large_image\" \/>\n<meta name=\"twitter:label1\" content=\"Gesch\u00e4tzte Lesezeit\" \/>\n\t<meta name=\"twitter:data1\" content=\"4\u00a0Minuten\" \/>\n<script type=\"application\/ld+json\" class=\"yoast-schema-graph\">{\"@context\":\"https:\/\/schema.org\",\"@graph\":[{\"@type\":\"Organization\",\"@id\":\"https:\/\/orthopaedie-starnberg.com\/#organization\",\"name\":\"Orthopaedie Starnberg\",\"url\":\"https:\/\/orthopaedie-starnberg.com\/\",\"sameAs\":[],\"logo\":{\"@type\":\"ImageObject\",\"inLanguage\":\"de\",\"@id\":\"https:\/\/orthopaedie-starnberg.com\/#\/schema\/logo\/image\/\",\"url\":\"https:\/\/orthopaedie-starnberg.com\/wp-content\/uploads\/2022\/04\/dr.schuster-orthopaedie-logo-1.png\",\"contentUrl\":\"https:\/\/orthopaedie-starnberg.com\/wp-content\/uploads\/2022\/04\/dr.schuster-orthopaedie-logo-1.png\",\"width\":1776,\"height\":125,\"caption\":\"Orthopaedie Starnberg\"},\"image\":{\"@id\":\"https:\/\/orthopaedie-starnberg.com\/#\/schema\/logo\/image\/\"}},{\"@type\":\"WebSite\",\"@id\":\"https:\/\/orthopaedie-starnberg.com\/#website\",\"url\":\"https:\/\/orthopaedie-starnberg.com\/\",\"name\":\"Dr. med. Luis Schuster\",\"description\":\"Orthopaedie Starnberg\",\"publisher\":{\"@id\":\"https:\/\/orthopaedie-starnberg.com\/#organization\"},\"potentialAction\":[{\"@type\":\"SearchAction\",\"target\":{\"@type\":\"EntryPoint\",\"urlTemplate\":\"https:\/\/orthopaedie-starnberg.com\/?s={search_term_string}\"},\"query-input\":\"required name=search_term_string\"}],\"inLanguage\":\"de\"},{\"@type\":\"WebPage\",\"@id\":\"https:\/\/orthopaedie-starnberg.com\/?page_id=187\",\"url\":\"https:\/\/orthopaedie-starnberg.com\/?page_id=187\",\"name\":\"Endoprothese - Dr. med. Luis Schuster\",\"isPartOf\":{\"@id\":\"https:\/\/orthopaedie-starnberg.com\/#website\"},\"datePublished\":\"2022-04-01T10:07:58+00:00\",\"dateModified\":\"2024-03-21T18:17:00+00:00\",\"breadcrumb\":{\"@id\":\"https:\/\/orthopaedie-starnberg.com\/?page_id=187#breadcrumb\"},\"inLanguage\":\"de\",\"potentialAction\":[{\"@type\":\"ReadAction\",\"target\":[\"https:\/\/orthopaedie-starnberg.com\/?page_id=187\"]}]},{\"@type\":\"BreadcrumbList\",\"@id\":\"https:\/\/orthopaedie-starnberg.com\/?page_id=187#breadcrumb\",\"itemListElement\":[{\"@type\":\"ListItem\",\"position\":1,\"name\":\"Startseite\",\"item\":\"https:\/\/orthopaedie-starnberg.com\/\"},{\"@type\":\"ListItem\",\"position\":2,\"name\":\"Endoprothese\"}]}]}<\/script>\n<!-- \/ Yoast SEO plugin. -->","yoast_head_json":{"title":"Endoprothese - Dr. med. Luis Schuster","robots":{"index":"index","follow":"follow","max-snippet":"max-snippet:-1","max-image-preview":"max-image-preview:large","max-video-preview":"max-video-preview:-1"},"canonical":"https:\/\/orthopaedie-starnberg.com\/?page_id=187","og_locale":"de_DE","og_type":"article","og_title":"Endoprothese - Dr. med. Luis Schuster","og_description":"Endoprothese\u200b Die Kniegelenkendoprothetik ist einer unserer Praxisschwerpunkte. In unserer orthop\u00e4dischen Praxis in Starnberg bem\u00fchen wir uns, von Anfang an in Zusammenarbeit mit vielen erfahrenen Kollegen, u. a. Professor Plitz, dem langj\u00e4hrigen Leiter des Instituts f\u00fcr Biomechanik der Ludwig Maximilian Universit\u00e4t in M\u00fcnchen, die Ergebnisse von endoprothetischen Kniegelenksoperationen , welche bis heute noch unbefriedigende Ergebnisse in [&hellip;]","og_url":"https:\/\/orthopaedie-starnberg.com\/?page_id=187","og_site_name":"Dr. med. Luis Schuster","article_modified_time":"2024-03-21T18:17:00+00:00","twitter_card":"summary_large_image","twitter_misc":{"Gesch\u00e4tzte Lesezeit":"4\u00a0Minuten"},"schema":{"@context":"https:\/\/schema.org","@graph":[{"@type":"Organization","@id":"https:\/\/orthopaedie-starnberg.com\/#organization","name":"Orthopaedie Starnberg","url":"https:\/\/orthopaedie-starnberg.com\/","sameAs":[],"logo":{"@type":"ImageObject","inLanguage":"de","@id":"https:\/\/orthopaedie-starnberg.com\/#\/schema\/logo\/image\/","url":"https:\/\/orthopaedie-starnberg.com\/wp-content\/uploads\/2022\/04\/dr.schuster-orthopaedie-logo-1.png","contentUrl":"https:\/\/orthopaedie-starnberg.com\/wp-content\/uploads\/2022\/04\/dr.schuster-orthopaedie-logo-1.png","width":1776,"height":125,"caption":"Orthopaedie Starnberg"},"image":{"@id":"https:\/\/orthopaedie-starnberg.com\/#\/schema\/logo\/image\/"}},{"@type":"WebSite","@id":"https:\/\/orthopaedie-starnberg.com\/#website","url":"https:\/\/orthopaedie-starnberg.com\/","name":"Dr. med. Luis Schuster","description":"Orthopaedie Starnberg","publisher":{"@id":"https:\/\/orthopaedie-starnberg.com\/#organization"},"potentialAction":[{"@type":"SearchAction","target":{"@type":"EntryPoint","urlTemplate":"https:\/\/orthopaedie-starnberg.com\/?s={search_term_string}"},"query-input":"required name=search_term_string"}],"inLanguage":"de"},{"@type":"WebPage","@id":"https:\/\/orthopaedie-starnberg.com\/?page_id=187","url":"https:\/\/orthopaedie-starnberg.com\/?page_id=187","name":"Endoprothese - Dr. med. Luis Schuster","isPartOf":{"@id":"https:\/\/orthopaedie-starnberg.com\/#website"},"datePublished":"2022-04-01T10:07:58+00:00","dateModified":"2024-03-21T18:17:00+00:00","breadcrumb":{"@id":"https:\/\/orthopaedie-starnberg.com\/?page_id=187#breadcrumb"},"inLanguage":"de","potentialAction":[{"@type":"ReadAction","target":["https:\/\/orthopaedie-starnberg.com\/?page_id=187"]}]},{"@type":"BreadcrumbList","@id":"https:\/\/orthopaedie-starnberg.com\/?page_id=187#breadcrumb","itemListElement":[{"@type":"ListItem","position":1,"name":"Startseite","item":"https:\/\/orthopaedie-starnberg.com\/"},{"@type":"ListItem","position":2,"name":"Endoprothese"}]}]}},"_links":{"self":[{"href":"https:\/\/orthopaedie-starnberg.com\/index.php?rest_route=\/wp\/v2\/pages\/187","targetHints":{"allow":["GET"]}}],"collection":[{"href":"https:\/\/orthopaedie-starnberg.com\/index.php?rest_route=\/wp\/v2\/pages"}],"about":[{"href":"https:\/\/orthopaedie-starnberg.com\/index.php?rest_route=\/wp\/v2\/types\/page"}],"author":[{"embeddable":true,"href":"https:\/\/orthopaedie-starnberg.com\/index.php?rest_route=\/wp\/v2\/users\/2"}],"replies":[{"embeddable":true,"href":"https:\/\/orthopaedie-starnberg.com\/index.php?rest_route=%2Fwp%2Fv2%2Fcomments&post=187"}],"version-history":[{"count":4,"href":"https:\/\/orthopaedie-starnberg.com\/index.php?rest_route=\/wp\/v2\/pages\/187\/revisions"}],"predecessor-version":[{"id":1488,"href":"https:\/\/orthopaedie-starnberg.com\/index.php?rest_route=\/wp\/v2\/pages\/187\/revisions\/1488"}],"wp:attachment":[{"href":"https:\/\/orthopaedie-starnberg.com\/index.php?rest_route=%2Fwp%2Fv2%2Fmedia&parent=187"}],"curies":[{"name":"wp","href":"https:\/\/api.w.org\/{rel}","templated":true}]}}