{"id":189,"date":"2022-04-01T10:07:58","date_gmt":"2022-04-01T10:07:58","guid":{"rendered":"https:\/\/orthopaedie-starnberg.com\/?page_id=189"},"modified":"2022-11-09T10:41:00","modified_gmt":"2022-11-09T10:41:00","slug":"impressum","status":"publish","type":"page","link":"https:\/\/orthopaedie-starnberg.com\/?page_id=189","title":{"rendered":"Impressum"},"content":{"rendered":"\t\t<div data-elementor-type=\"wp-page\" data-elementor-id=\"189\" class=\"elementor elementor-189\">\n\t\t\t\t\t\t\t\t\t<section class=\"elementor-section elementor-top-section elementor-element elementor-element-5bb110a elementor-section-full_width elementor-section-height-min-height elementor-section-items-stretch elementor-section-content-middle elementor-reverse-mobile elementor-reverse-tablet elementor-section-height-default\" data-id=\"5bb110a\" data-element_type=\"section\">\n\t\t\t\t\t\t<div class=\"elementor-container elementor-column-gap-no\">\n\t\t\t\t\t<div class=\"elementor-column elementor-col-50 elementor-top-column elementor-element elementor-element-8250f2e\" data-id=\"8250f2e\" data-element_type=\"column\">\n\t\t\t<div class=\"elementor-widget-wrap elementor-element-populated\">\n\t\t\t\t\t\t\t\t<div class=\"elementor-element elementor-element-d898715 animated-fast elementor-invisible elementor-widget elementor-widget-heading\" data-id=\"d898715\" data-element_type=\"widget\" data-settings=\"{&quot;_animation&quot;:&quot;fadeIn&quot;}\" data-widget_type=\"heading.default\">\n\t\t\t\t<div class=\"elementor-widget-container\">\n\t\t\t<style>\/*! elementor - v3.6.7 - 03-07-2022 *\/\n.elementor-heading-title{padding:0;margin:0;line-height:1}.elementor-widget-heading .elementor-heading-title[class*=elementor-size-]>a{color:inherit;font-size:inherit;line-height:inherit}.elementor-widget-heading .elementor-heading-title.elementor-size-small{font-size:15px}.elementor-widget-heading .elementor-heading-title.elementor-size-medium{font-size:19px}.elementor-widget-heading .elementor-heading-title.elementor-size-large{font-size:29px}.elementor-widget-heading .elementor-heading-title.elementor-size-xl{font-size:39px}.elementor-widget-heading .elementor-heading-title.elementor-size-xxl{font-size:59px}<\/style><h1 class=\"elementor-heading-title elementor-size-default\">Impressum<\/h1>\t\t<\/div>\n\t\t\t\t<\/div>\n\t\t\t\t<div class=\"elementor-element elementor-element-8be2f7f elementor-widget elementor-widget-heading\" data-id=\"8be2f7f\" data-element_type=\"widget\" data-widget_type=\"heading.default\">\n\t\t\t\t<div class=\"elementor-widget-container\">\n\t\t\t<h3 class=\"elementor-heading-title elementor-size-default\">Pflichtangaben nach \u00a7 5 Telemediengesetz:<\/h3>\t\t<\/div>\n\t\t\t\t<\/div>\n\t\t\t\t<div class=\"elementor-element elementor-element-6aab8e8 elementor-invisible elementor-widget elementor-widget-text-editor\" data-id=\"6aab8e8\" data-element_type=\"widget\" data-settings=\"{&quot;_animation&quot;:&quot;fadeIn&quot;}\" data-widget_type=\"text-editor.default\">\n\t\t\t\t<div class=\"elementor-widget-container\">\n\t\t\t<style>\/*! elementor - v3.6.7 - 03-07-2022 *\/\n.elementor-widget-text-editor.elementor-drop-cap-view-stacked .elementor-drop-cap{background-color:#818a91;color:#fff}.elementor-widget-text-editor.elementor-drop-cap-view-framed .elementor-drop-cap{color:#818a91;border:3px solid;background-color:transparent}.elementor-widget-text-editor:not(.elementor-drop-cap-view-default) .elementor-drop-cap{margin-top:8px}.elementor-widget-text-editor:not(.elementor-drop-cap-view-default) .elementor-drop-cap-letter{width:1em;height:1em}.elementor-widget-text-editor .elementor-drop-cap{float:left;text-align:center;line-height:1;font-size:50px}.elementor-widget-text-editor .elementor-drop-cap-letter{display:inline-block}<\/style>\t\t\t\tDr. med. Luis Schuster\nEnzianstr. 4\nD-82319 Starnberg\/Ortsteil Percha-Nord\nTelefon: +49 (0) 8151 65 16 067\nTelefax: +49 (0) 8151 65 16 068\nEmail: info@orthopaedie-starnberg.com\nInternet: https:\/\/orthopaedie-starnberg.com\t\t\t\t\t\t<\/div>\n\t\t\t\t<\/div>\n\t\t\t\t<div class=\"elementor-element elementor-element-12c56fd elementor-widget elementor-widget-heading\" data-id=\"12c56fd\" data-element_type=\"widget\" data-widget_type=\"heading.default\">\n\t\t\t\t<div class=\"elementor-widget-container\">\n\t\t\t<h3 class=\"elementor-heading-title elementor-size-default\">zust\u00e4ndige Kammer:<\/h3>\t\t<\/div>\n\t\t\t\t<\/div>\n\t\t\t\t<div class=\"elementor-element elementor-element-6b674f6 elementor-invisible elementor-widget elementor-widget-text-editor\" data-id=\"6b674f6\" data-element_type=\"widget\" data-settings=\"{&quot;_animation&quot;:&quot;fadeIn&quot;}\" data-widget_type=\"text-editor.default\">\n\t\t\t\t<div class=\"elementor-widget-container\">\n\t\t\t\t\t\t\tBayerische Landes\u00e4rztekammer (BL\u00c4K)\nK\u00f6rperschaft des \u00f6ffentlichen Rechts\nM\u00fchlbaurstra\u00dfe 16\n81677 M\u00fcnchen\t\t\t\t\t\t<\/div>\n\t\t\t\t<\/div>\n\t\t\t\t<div class=\"elementor-element elementor-element-59b0588 elementor-widget elementor-widget-heading\" data-id=\"59b0588\" data-element_type=\"widget\" data-widget_type=\"heading.default\">\n\t\t\t\t<div class=\"elementor-widget-container\">\n\t\t\t<h3 class=\"elementor-heading-title elementor-size-default\">Berufbezeichnung: <\/h3>\t\t<\/div>\n\t\t\t\t<\/div>\n\t\t\t\t<div class=\"elementor-element elementor-element-85f1605 elementor-invisible elementor-widget elementor-widget-text-editor\" data-id=\"85f1605\" data-element_type=\"widget\" data-settings=\"{&quot;_animation&quot;:&quot;fadeIn&quot;}\" data-widget_type=\"text-editor.default\">\n\t\t\t\t<div class=\"elementor-widget-container\">\n\t\t\t\t\t\t\t<p>Arzt f\u00fcr Orthop\u00e4die<\/p>\t\t\t\t\t\t<\/div>\n\t\t\t\t<\/div>\n\t\t\t\t<div class=\"elementor-element elementor-element-e8f7f64 elementor-widget elementor-widget-heading\" data-id=\"e8f7f64\" data-element_type=\"widget\" data-widget_type=\"heading.default\">\n\t\t\t\t<div class=\"elementor-widget-container\">\n\t\t\t<h3 class=\"elementor-heading-title elementor-size-default\">Berufsrechtliche Regelungen:<\/h3>\t\t<\/div>\n\t\t\t\t<\/div>\n\t\t\t\t<div class=\"elementor-element elementor-element-19d551b elementor-invisible elementor-widget elementor-widget-text-editor\" data-id=\"19d551b\" data-element_type=\"widget\" data-settings=\"{&quot;_animation&quot;:&quot;fadeIn&quot;}\" data-widget_type=\"text-editor.default\">\n\t\t\t\t<div class=\"elementor-widget-container\">\n\t\t\t\t\t\t\tBerufsordnung f\u00fcr die \u00c4rzte Bayerns\nApprobationsordnung f\u00e4r \u00c4rzte\nBayerisches Kammergesetz\nBayerische Landes\u00e4rztekammer: Gesetze, Verordnungen\nhttp:\/\/www.blaek.de\/\t\t\t\t\t\t<\/div>\n\t\t\t\t<\/div>\n\t\t\t\t<div class=\"elementor-element elementor-element-a33e2df elementor-widget elementor-widget-heading\" data-id=\"a33e2df\" data-element_type=\"widget\" data-widget_type=\"heading.default\">\n\t\t\t\t<div class=\"elementor-widget-container\">\n\t\t\t<h3 class=\"elementor-heading-title elementor-size-default\">Umsatzsteuer-Identifikationsnummer gem. \u00a7 27a UStG: DE197145006<\/h3>\t\t<\/div>\n\t\t\t\t<\/div>\n\t\t\t\t<div class=\"elementor-element elementor-element-eb61b2e elementor-invisible elementor-widget elementor-widget-text-editor\" data-id=\"eb61b2e\" data-element_type=\"widget\" data-settings=\"{&quot;_animation&quot;:&quot;fadeIn&quot;}\" data-widget_type=\"text-editor.default\">\n\t\t\t\t<div class=\"elementor-widget-container\">\n\t\t\t\t\t\t\tInhaltlich Verantwortlicher gem. 55 Abs. 2 RStV: Dr. med. Luis Schuster\t\t\t\t\t\t<\/div>\n\t\t\t\t<\/div>\n\t\t\t\t<div class=\"elementor-element elementor-element-19e916c elementor-widget elementor-widget-heading\" data-id=\"19e916c\" data-element_type=\"widget\" data-widget_type=\"heading.default\">\n\t\t\t\t<div class=\"elementor-widget-container\">\n\t\t\t<h3 class=\"elementor-heading-title elementor-size-default\">Haftungsausschluss:<\/h3>\t\t<\/div>\n\t\t\t\t<\/div>\n\t\t\t\t<div class=\"elementor-element elementor-element-2c43fdd elementor-invisible elementor-widget elementor-widget-text-editor\" data-id=\"2c43fdd\" data-element_type=\"widget\" data-settings=\"{&quot;_animation&quot;:&quot;fadeIn&quot;}\" data-widget_type=\"text-editor.default\">\n\t\t\t\t<div class=\"elementor-widget-container\">\n\t\t\t\t\t\t\tTrotz sorgf\u00e4ltiger inhaltlicher Kontrolle \u00fcbernehmen wir keine Haftung f\u00fcr die Inhalte externer Links. F\u00fcr den Inhalt verlinkter Seiten sind ausschlie\u00dflich deren Betreiber zust\u00e4ndig.\t\t\t\t\t\t<\/div>\n\t\t\t\t<\/div>\n\t\t\t\t\t<\/div>\n\t\t<\/div>\n\t\t\t\t<div class=\"elementor-column elementor-col-50 elementor-top-column elementor-element elementor-element-a94a136 elementor-hidden-mobile\" data-id=\"a94a136\" data-element_type=\"column\" data-settings=\"{&quot;background_background&quot;:&quot;classic&quot;}\">\n\t\t\t<div class=\"elementor-widget-wrap elementor-element-populated\">\n\t\t\t\t\t\t\t\t<div class=\"elementor-element elementor-element-0537bc9 elementor-widget elementor-widget-spacer\" data-id=\"0537bc9\" data-element_type=\"widget\" data-widget_type=\"spacer.default\">\n\t\t\t\t<div class=\"elementor-widget-container\">\n\t\t\t<style>\/*! elementor - v3.6.7 - 03-07-2022 *\/\n.e-container.e-container--row .elementor-spacer-inner{width:var(--spacer-size)}.e-container.e-container--column .elementor-spacer-inner,.elementor-column .elementor-spacer-inner{height:var(--spacer-size)}<\/style>\t\t<div class=\"elementor-spacer\">\n\t\t\t<div class=\"elementor-spacer-inner\"><\/div>\n\t\t<\/div>\n\t\t\t\t<\/div>\n\t\t\t\t<\/div>\n\t\t\t\t\t<\/div>\n\t\t<\/div>\n\t\t\t\t\t\t\t<\/div>\n\t\t<\/section>\n\t\t\t\t\t\t\t<\/div>\n\t\t","protected":false},"excerpt":{"rendered":"<p>Impressum Pflichtangaben nach \u00a7 5 Telemediengesetz: Dr. med. Luis Schuster Enzianstr. 4 D-82319 Starnberg\/Ortsteil Percha-Nord Telefon: +49 (0) 8151 65 16 067 Telefax: +49 (0) 8151 65 16 068 Email: info@orthopaedie-starnberg.com Internet: https:\/\/orthopaedie-starnberg.com zust\u00e4ndige Kammer: Bayerische Landes\u00e4rztekammer (BL\u00c4K) K\u00f6rperschaft des \u00f6ffentlichen Rechts M\u00fchlbaurstra\u00dfe 16 81677 M\u00fcnchen Berufbezeichnung: Arzt f\u00fcr Orthop\u00e4die Berufsrechtliche Regelungen: Berufsordnung f\u00fcr die [&hellip;]<\/p>\n","protected":false},"author":2,"featured_media":0,"parent":0,"menu_order":0,"comment_status":"closed","ping_status":"closed","template":"","meta":{"footnotes":""},"class_list":["post-189","page","type-page","status-publish","hentry"],"yoast_head":"<!-- This site is optimized with the Yoast SEO plugin v19.3 - https:\/\/yoast.com\/wordpress\/plugins\/seo\/ -->\n<title>Impressum - Dr. med. Luis Schuster<\/title>\n<meta name=\"robots\" content=\"noindex, follow\" \/>\n<meta property=\"og:locale\" content=\"de_DE\" \/>\n<meta property=\"og:type\" content=\"article\" \/>\n<meta property=\"og:title\" content=\"Impressum - Dr. med. Luis Schuster\" \/>\n<meta property=\"og:description\" content=\"Impressum Pflichtangaben nach \u00a7 5 Telemediengesetz: Dr. med. Luis Schuster Enzianstr. 4 D-82319 Starnberg\/Ortsteil Percha-Nord Telefon: +49 (0) 8151 65 16 067 Telefax: +49 (0) 8151 65 16 068 Email: info@orthopaedie-starnberg.com Internet: https:\/\/orthopaedie-starnberg.com zust\u00e4ndige Kammer: Bayerische Landes\u00e4rztekammer (BL\u00c4K) K\u00f6rperschaft des \u00f6ffentlichen Rechts M\u00fchlbaurstra\u00dfe 16 81677 M\u00fcnchen Berufbezeichnung: Arzt f\u00fcr Orthop\u00e4die Berufsrechtliche Regelungen: Berufsordnung f\u00fcr die [&hellip;]\" \/>\n<meta property=\"og:url\" content=\"https:\/\/orthopaedie-starnberg.com\/?page_id=189\" \/>\n<meta property=\"og:site_name\" content=\"Dr. med. Luis Schuster\" \/>\n<meta property=\"article:modified_time\" content=\"2022-11-09T10:41:00+00:00\" \/>\n<meta name=\"twitter:card\" content=\"summary_large_image\" \/>\n<meta name=\"twitter:label1\" content=\"Gesch\u00e4tzte Lesezeit\" \/>\n\t<meta name=\"twitter:data1\" content=\"1\u00a0Minute\" \/>\n<script type=\"application\/ld+json\" class=\"yoast-schema-graph\">{\"@context\":\"https:\/\/schema.org\",\"@graph\":[{\"@type\":\"Organization\",\"@id\":\"https:\/\/orthopaedie-starnberg.com\/#organization\",\"name\":\"Orthopaedie Starnberg\",\"url\":\"https:\/\/orthopaedie-starnberg.com\/\",\"sameAs\":[],\"logo\":{\"@type\":\"ImageObject\",\"inLanguage\":\"de\",\"@id\":\"https:\/\/orthopaedie-starnberg.com\/#\/schema\/logo\/image\/\",\"url\":\"https:\/\/orthopaedie-starnberg.com\/wp-content\/uploads\/2022\/04\/dr.schuster-orthopaedie-logo-1.png\",\"contentUrl\":\"https:\/\/orthopaedie-starnberg.com\/wp-content\/uploads\/2022\/04\/dr.schuster-orthopaedie-logo-1.png\",\"width\":1776,\"height\":125,\"caption\":\"Orthopaedie Starnberg\"},\"image\":{\"@id\":\"https:\/\/orthopaedie-starnberg.com\/#\/schema\/logo\/image\/\"}},{\"@type\":\"WebSite\",\"@id\":\"https:\/\/orthopaedie-starnberg.com\/#website\",\"url\":\"https:\/\/orthopaedie-starnberg.com\/\",\"name\":\"Dr. med. Luis Schuster\",\"description\":\"Orthopaedie Starnberg\",\"publisher\":{\"@id\":\"https:\/\/orthopaedie-starnberg.com\/#organization\"},\"potentialAction\":[{\"@type\":\"SearchAction\",\"target\":{\"@type\":\"EntryPoint\",\"urlTemplate\":\"https:\/\/orthopaedie-starnberg.com\/?s={search_term_string}\"},\"query-input\":\"required name=search_term_string\"}],\"inLanguage\":\"de\"},{\"@type\":\"WebPage\",\"@id\":\"https:\/\/orthopaedie-starnberg.com\/?page_id=189\",\"url\":\"https:\/\/orthopaedie-starnberg.com\/?page_id=189\",\"name\":\"Impressum - Dr. med. Luis Schuster\",\"isPartOf\":{\"@id\":\"https:\/\/orthopaedie-starnberg.com\/#website\"},\"datePublished\":\"2022-04-01T10:07:58+00:00\",\"dateModified\":\"2022-11-09T10:41:00+00:00\",\"breadcrumb\":{\"@id\":\"https:\/\/orthopaedie-starnberg.com\/?page_id=189#breadcrumb\"},\"inLanguage\":\"de\",\"potentialAction\":[{\"@type\":\"ReadAction\",\"target\":[\"https:\/\/orthopaedie-starnberg.com\/?page_id=189\"]}]},{\"@type\":\"BreadcrumbList\",\"@id\":\"https:\/\/orthopaedie-starnberg.com\/?page_id=189#breadcrumb\",\"itemListElement\":[{\"@type\":\"ListItem\",\"position\":1,\"name\":\"Startseite\",\"item\":\"https:\/\/orthopaedie-starnberg.com\/\"},{\"@type\":\"ListItem\",\"position\":2,\"name\":\"Impressum\"}]}]}<\/script>\n<!-- \/ Yoast SEO plugin. -->","yoast_head_json":{"title":"Impressum - Dr. med. Luis Schuster","robots":{"index":"noindex","follow":"follow"},"og_locale":"de_DE","og_type":"article","og_title":"Impressum - Dr. med. Luis Schuster","og_description":"Impressum Pflichtangaben nach \u00a7 5 Telemediengesetz: Dr. med. Luis Schuster Enzianstr. 4 D-82319 Starnberg\/Ortsteil Percha-Nord Telefon: +49 (0) 8151 65 16 067 Telefax: +49 (0) 8151 65 16 068 Email: info@orthopaedie-starnberg.com Internet: https:\/\/orthopaedie-starnberg.com zust\u00e4ndige Kammer: Bayerische Landes\u00e4rztekammer (BL\u00c4K) K\u00f6rperschaft des \u00f6ffentlichen Rechts M\u00fchlbaurstra\u00dfe 16 81677 M\u00fcnchen Berufbezeichnung: Arzt f\u00fcr Orthop\u00e4die Berufsrechtliche Regelungen: Berufsordnung f\u00fcr die [&hellip;]","og_url":"https:\/\/orthopaedie-starnberg.com\/?page_id=189","og_site_name":"Dr. med. Luis Schuster","article_modified_time":"2022-11-09T10:41:00+00:00","twitter_card":"summary_large_image","twitter_misc":{"Gesch\u00e4tzte Lesezeit":"1\u00a0Minute"},"schema":{"@context":"https:\/\/schema.org","@graph":[{"@type":"Organization","@id":"https:\/\/orthopaedie-starnberg.com\/#organization","name":"Orthopaedie Starnberg","url":"https:\/\/orthopaedie-starnberg.com\/","sameAs":[],"logo":{"@type":"ImageObject","inLanguage":"de","@id":"https:\/\/orthopaedie-starnberg.com\/#\/schema\/logo\/image\/","url":"https:\/\/orthopaedie-starnberg.com\/wp-content\/uploads\/2022\/04\/dr.schuster-orthopaedie-logo-1.png","contentUrl":"https:\/\/orthopaedie-starnberg.com\/wp-content\/uploads\/2022\/04\/dr.schuster-orthopaedie-logo-1.png","width":1776,"height":125,"caption":"Orthopaedie Starnberg"},"image":{"@id":"https:\/\/orthopaedie-starnberg.com\/#\/schema\/logo\/image\/"}},{"@type":"WebSite","@id":"https:\/\/orthopaedie-starnberg.com\/#website","url":"https:\/\/orthopaedie-starnberg.com\/","name":"Dr. med. Luis Schuster","description":"Orthopaedie Starnberg","publisher":{"@id":"https:\/\/orthopaedie-starnberg.com\/#organization"},"potentialAction":[{"@type":"SearchAction","target":{"@type":"EntryPoint","urlTemplate":"https:\/\/orthopaedie-starnberg.com\/?s={search_term_string}"},"query-input":"required name=search_term_string"}],"inLanguage":"de"},{"@type":"WebPage","@id":"https:\/\/orthopaedie-starnberg.com\/?page_id=189","url":"https:\/\/orthopaedie-starnberg.com\/?page_id=189","name":"Impressum - Dr. med. Luis Schuster","isPartOf":{"@id":"https:\/\/orthopaedie-starnberg.com\/#website"},"datePublished":"2022-04-01T10:07:58+00:00","dateModified":"2022-11-09T10:41:00+00:00","breadcrumb":{"@id":"https:\/\/orthopaedie-starnberg.com\/?page_id=189#breadcrumb"},"inLanguage":"de","potentialAction":[{"@type":"ReadAction","target":["https:\/\/orthopaedie-starnberg.com\/?page_id=189"]}]},{"@type":"BreadcrumbList","@id":"https:\/\/orthopaedie-starnberg.com\/?page_id=189#breadcrumb","itemListElement":[{"@type":"ListItem","position":1,"name":"Startseite","item":"https:\/\/orthopaedie-starnberg.com\/"},{"@type":"ListItem","position":2,"name":"Impressum"}]}]}},"_links":{"self":[{"href":"https:\/\/orthopaedie-starnberg.com\/index.php?rest_route=\/wp\/v2\/pages\/189","targetHints":{"allow":["GET"]}}],"collection":[{"href":"https:\/\/orthopaedie-starnberg.com\/index.php?rest_route=\/wp\/v2\/pages"}],"about":[{"href":"https:\/\/orthopaedie-starnberg.com\/index.php?rest_route=\/wp\/v2\/types\/page"}],"author":[{"embeddable":true,"href":"https:\/\/orthopaedie-starnberg.com\/index.php?rest_route=\/wp\/v2\/users\/2"}],"replies":[{"embeddable":true,"href":"https:\/\/orthopaedie-starnberg.com\/index.php?rest_route=%2Fwp%2Fv2%2Fcomments&post=189"}],"version-history":[{"count":4,"href":"https:\/\/orthopaedie-starnberg.com\/index.php?rest_route=\/wp\/v2\/pages\/189\/revisions"}],"predecessor-version":[{"id":1225,"href":"https:\/\/orthopaedie-starnberg.com\/index.php?rest_route=\/wp\/v2\/pages\/189\/revisions\/1225"}],"wp:attachment":[{"href":"https:\/\/orthopaedie-starnberg.com\/index.php?rest_route=%2Fwp%2Fv2%2Fmedia&parent=189"}],"curies":[{"name":"wp","href":"https:\/\/api.w.org\/{rel}","templated":true}]}}